{"id":10163,"date":"2025-11-04T13:11:50","date_gmt":"2025-11-04T12:11:50","guid":{"rendered":"https:\/\/the-scottish-wedding.com\/?page_id=10163"},"modified":"2026-02-04T15:35:44","modified_gmt":"2026-02-04T14:35:44","slug":"faq","status":"publish","type":"page","link":"https:\/\/the-scottish-wedding.com\/pl\/faq\/","title":{"rendered":"FAQ"},"content":{"rendered":"<div data-elementor-type=\"wp-page\" data-elementor-id=\"10163\" class=\"elementor elementor-10163\">\n\t\t\t\t<div class=\"elementor-element elementor-element-ed028e3 e-con-full e-flex e-con e-parent\" data-id=\"ed028e3\" data-element_type=\"container\" data-e-type=\"container\">\n\t\t<div class=\"elementor-element elementor-element-35f42e5 e-con-full e-flex e-con e-child\" data-id=\"35f42e5\" data-element_type=\"container\" data-e-type=\"container\">\n\t\t\t\t<div class=\"elementor-element elementor-element-db327af elementor-widget elementor-widget-bisou_core_custom_font\" data-id=\"db327af\" data-element_type=\"widget\" data-e-type=\"widget\" data-widget_type=\"bisou_core_custom_font.default\">\n\t\t\t\t<div class=\"elementor-widget-container\">\n\t\t\t\t\t<p class=\"qodef-shortcode qodef-m qodef-custom-font qodef-custom-font-928 qodef-layout--simple qodef--has-appear qodef-appear-duration--long\" style=\"text-align: center;font-size: 70px;line-height: 70px\">\n\t\t\t\t\t\t<span class=\"qodef--word\"><span class=\"qode--char\" style=\"--qode-i:0\">A<\/span><span class=\"qode--char\" style=\"--qode-i:1\">l<\/span><span class=\"qode--char\" style=\"--qode-i:2\">l<\/span><\/span> <span class=\"qodef--word\"><span class=\"qode--char\" style=\"--qode-i:3\">t<\/span><span class=\"qode--char\" style=\"--qode-i:4\">h<\/span><span class=\"qode--char\" style=\"--qode-i:5\">e<\/span><\/span> <span class=\"qodef--word\"><span class=\"qode--char\" style=\"--qode-i:6\">a<\/span><span class=\"qode--char\" style=\"--qode-i:7\">n<\/span><span class=\"qode--char\" style=\"--qode-i:8\">s<\/span><span class=\"qode--char\" style=\"--qode-i:9\">w<\/span><span class=\"qode--char\" style=\"--qode-i:10\">e<\/span><span class=\"qode--char\" style=\"--qode-i:11\">r<\/span><span class=\"qode--char\" style=\"--qode-i:12\">s<\/span><\/span> <span class=\"qodef--word\"><span class=\"qode--char\" style=\"--qode-i:13\">y<\/span><span class=\"qode--char\" style=\"--qode-i:14\">o<\/span><span class=\"qode--char\" style=\"--qode-i:15\">u<\/span><\/span> <span class=\"qodef--word\"><span class=\"qode--char\" style=\"--qode-i:16\">n<\/span><span class=\"qode--char\" style=\"--qode-i:17\">e<\/span><span class=\"qode--char\" style=\"--qode-i:18\">e<\/span><span class=\"qode--char\" style=\"--qode-i:19\">d<\/span><\/span>\t\t\t<\/p>\n\t\t\t\t<\/div>\n\t\t\t\t<\/div>\n\t\t\t\t<\/div>\n\t\t\t\t<\/div>\n\t\t<div class=\"elementor-element elementor-element-d9329a6 e-flex e-con-boxed e-con e-parent\" data-id=\"d9329a6\" data-element_type=\"container\" data-e-type=\"container\">\n\t\t\t\t\t<div class=\"e-con-inner\">\n\t\t\t\t<div class=\"elementor-element elementor-element-4d6fb50 elementor-widget elementor-widget-text-editor\" data-id=\"4d6fb50\" data-element_type=\"widget\" data-e-type=\"widget\" data-widget_type=\"text-editor.default\">\n\t\t\t\t\t\t\t\t\t<h5 style=\"text-align: center;\">Je\u015bli nie znalaz\u0142e\u015b odpowiedzi na swoje pytania, skontaktuj si\u0119 z nami bezpo\u015brednio lub zwr\u00f3\u0107 si\u0119 do naszych \u015bwiadk\u00f3w.<\/h5>\t\t\t\t\t\t\t\t<\/div>\n\t\t\t\t\t<\/div>\n\t\t\t\t<\/div>\n\t\t<div class=\"elementor-element elementor-element-6a2d830 e-flex e-con-boxed e-con e-parent\" data-id=\"6a2d830\" data-element_type=\"container\" data-e-type=\"container\">\n\t\t\t\t\t<div class=\"e-con-inner\">\n\t\t<div class=\"elementor-element elementor-element-ac710b0 e-con-full e-flex e-con e-child\" data-id=\"ac710b0\" data-element_type=\"container\" data-e-type=\"container\">\n\t\t\t\t<div class=\"elementor-element elementor-element-5091773 elementor-widget elementor-widget-n-accordion\" data-id=\"5091773\" data-element_type=\"widget\" data-e-type=\"widget\" data-settings=\"{&quot;default_state&quot;:&quot;all_collapsed&quot;,&quot;max_items_expended&quot;:&quot;one&quot;,&quot;n_accordion_animation_duration&quot;:{&quot;unit&quot;:&quot;ms&quot;,&quot;size&quot;:400,&quot;sizes&quot;:[]}}\" data-widget_type=\"nested-accordion.default\">\n\t\t\t\t\t\t\t<div class=\"e-n-accordion\" aria-label=\"Accordion. Open links with Enter or Space, close with Escape, and navigate with Arrow Keys\">\n\t\t\t\t\t\t<details id=\"e-n-accordion-item-8440\" class=\"e-n-accordion-item\" >\n\t\t\t\t<summary class=\"e-n-accordion-item-title\" data-accordion-index=\"1\" tabindex=\"0\" aria-expanded=\"false\" aria-controls=\"e-n-accordion-item-8440\" >\n\t\t\t\t\t<span class='e-n-accordion-item-title-header'><div class=\"e-n-accordion-item-title-text\"> Pogoda <\/div><\/span>\n\t\t\t\t\t\t\t<span class='e-n-accordion-item-title-icon'>\n\t\t\t<span class='e-opened' ><svg aria-hidden=\"true\" class=\"e-font-icon-svg e-fas-minus\" viewbox=\"0 0 448 512\" xmlns=\"http:\/\/www.w3.org\/2000\/svg\"><path d=\"M416 208H32c-17.67 0-32 14.33-32 32v32c0 17.67 14.33 32 32 32h384c17.67 0 32-14.33 32-32v-32c0-17.67-14.33-32-32-32z\"><\/path><\/svg><\/span>\n\t\t\t<span class='e-closed'><svg aria-hidden=\"true\" class=\"e-font-icon-svg e-fas-plus\" viewbox=\"0 0 448 512\" xmlns=\"http:\/\/www.w3.org\/2000\/svg\"><path d=\"M416 208H272V64c0-17.67-14.33-32-32-32h-32c-17.67 0-32 14.33-32 32v144H32c-17.67 0-32 14.33-32 32v32c0 17.67 14.33 32 32 32h144v144c0 17.67 14.33 32 32 32h32c17.67 0 32-14.33 32-32V304h144c17.67 0 32-14.33 32-32v-32c0-17.67-14.33-32-32-32z\"><\/path><\/svg><\/span>\n\t\t<\/span>\n\n\t\t\t\t\t\t<\/summary>\n\t\t\t\t<div role=\"region\" aria-labelledby=\"e-n-accordion-item-8440\" class=\"elementor-element elementor-element-ddfbe69 e-con-full e-flex e-con e-child\" data-id=\"ddfbe69\" data-element_type=\"container\" data-e-type=\"container\">\n\t\t<div role=\"region\" aria-labelledby=\"e-n-accordion-item-8440\" class=\"elementor-element elementor-element-0cf389a e-flex e-con-boxed e-con e-child\" data-id=\"0cf389a\" data-element_type=\"container\" data-e-type=\"container\">\n\t\t\t\t\t<div class=\"e-con-inner\">\n\t\t\t\t<div class=\"elementor-element elementor-element-e67defc elementor-widget elementor-widget-text-editor\" data-id=\"e67defc\" data-element_type=\"widget\" data-e-type=\"widget\" data-widget_type=\"text-editor.default\">\n\t\t\t\t\t\t\t\t\t<h5>W lipcu temperatury s\u0105 raczej \u0142agodne, oko\u0142o 15\u00b0C rano i 19\u00b0C po po\u0142udniu, cho\u0107 mo\u017cliwe s\u0105 przelotne opady (\u015brednio co trzeci dzie\u0144, trzymamy kciuki \ud83e\udd1e). Na miejscu b\u0119d\u0105 dost\u0119pne parasole, ale je\u015bli planujecie zosta\u0107 w Szkocji d\u0142u\u017cej, polecamy wrzuci\u0107 jeden do walizki na wszelki wypadek.<\/h5>\t\t\t\t\t\t\t\t<\/div>\n\t\t\t\t\t<\/div>\n\t\t\t\t<\/div>\n\t\t\t\t<\/div>\n\t\t\t\t\t<\/details>\n\t\t\t\t\t\t<details id=\"e-n-accordion-item-8441\" class=\"e-n-accordion-item\" >\n\t\t\t\t<summary class=\"e-n-accordion-item-title\" data-accordion-index=\"2\" tabindex=\"-1\" aria-expanded=\"false\" aria-controls=\"e-n-accordion-item-8441\" >\n\t\t\t\t\t<span class='e-n-accordion-item-title-header'><div class=\"e-n-accordion-item-title-text\"> Dress code dla Pa\u0144 <\/div><\/span>\n\t\t\t\t\t\t\t<span class='e-n-accordion-item-title-icon'>\n\t\t\t<span class='e-opened' ><svg aria-hidden=\"true\" class=\"e-font-icon-svg e-fas-minus\" viewbox=\"0 0 448 512\" xmlns=\"http:\/\/www.w3.org\/2000\/svg\"><path d=\"M416 208H32c-17.67 0-32 14.33-32 32v32c0 17.67 14.33 32 32 32h384c17.67 0 32-14.33 32-32v-32c0-17.67-14.33-32-32-32z\"><\/path><\/svg><\/span>\n\t\t\t<span class='e-closed'><svg aria-hidden=\"true\" class=\"e-font-icon-svg e-fas-plus\" viewbox=\"0 0 448 512\" xmlns=\"http:\/\/www.w3.org\/2000\/svg\"><path d=\"M416 208H272V64c0-17.67-14.33-32-32-32h-32c-17.67 0-32 14.33-32 32v144H32c-17.67 0-32 14.33-32 32v32c0 17.67 14.33 32 32 32h144v144c0 17.67 14.33 32 32 32h32c17.67 0 32-14.33 32-32V304h144c17.67 0 32-14.33 32-32v-32c0-17.67-14.33-32-32-32z\"><\/path><\/svg><\/span>\n\t\t<\/span>\n\n\t\t\t\t\t\t<\/summary>\n\t\t\t\t<div role=\"region\" aria-labelledby=\"e-n-accordion-item-8441\" class=\"elementor-element elementor-element-f8a0bbe e-con-full e-flex e-con e-child\" data-id=\"f8a0bbe\" data-element_type=\"container\" data-e-type=\"container\">\n\t\t<div role=\"region\" aria-labelledby=\"e-n-accordion-item-8441\" class=\"elementor-element elementor-element-bdf5ff0 e-flex e-con-boxed e-con e-child\" data-id=\"bdf5ff0\" data-element_type=\"container\" data-e-type=\"container\">\n\t\t\t\t\t<div class=\"e-con-inner\">\n\t\t\t\t<div class=\"elementor-element elementor-element-54f2015 elementor-widget elementor-widget-text-editor\" data-id=\"54f2015\" data-element_type=\"widget\" data-e-type=\"widget\" data-widget_type=\"text-editor.default\">\n\t\t\t\t\t\t\t\t\t<h5>Elegancka sukienka lub stylowa stylizacja w \u017cywych kolorach b\u0119dzie idealna na t\u0119 okazj\u0119. Poniewa\u017c szkocka pogoda bywa kapry\u015bna, polecamy zabra\u0107 ze sob\u0105 szal albo lekk\u0105 marynark\u0119 czy kurtk\u0119, \u017ceby w razie potrzeby m\u00f3c si\u0119 okry\u0107.<\/h5><h5>Je\u015bli aura dopisze, wi\u0119kszo\u015b\u0107 popo\u0142udnia sp\u0119dzimy w ogrodzie, dlatego warto te\u017c wybra\u0107 buty, w kt\u00f3rych wygodnie przejdziecie po alejkach i trawniku.<\/h5>\t\t\t\t\t\t\t\t<\/div>\n\t\t\t\t\t<\/div>\n\t\t\t\t<\/div>\n\t\t\t\t<\/div>\n\t\t\t\t\t<\/details>\n\t\t\t\t\t\t<details id=\"e-n-accordion-item-8442\" class=\"e-n-accordion-item\" >\n\t\t\t\t<summary class=\"e-n-accordion-item-title\" data-accordion-index=\"3\" tabindex=\"-1\" aria-expanded=\"false\" aria-controls=\"e-n-accordion-item-8442\" >\n\t\t\t\t\t<span class='e-n-accordion-item-title-header'><div class=\"e-n-accordion-item-title-text\"> Dress code dla Pan\u00f3w <\/div><\/span>\n\t\t\t\t\t\t\t<span class='e-n-accordion-item-title-icon'>\n\t\t\t<span class='e-opened' ><svg aria-hidden=\"true\" class=\"e-font-icon-svg e-fas-minus\" viewbox=\"0 0 448 512\" xmlns=\"http:\/\/www.w3.org\/2000\/svg\"><path d=\"M416 208H32c-17.67 0-32 14.33-32 32v32c0 17.67 14.33 32 32 32h384c17.67 0 32-14.33 32-32v-32c0-17.67-14.33-32-32-32z\"><\/path><\/svg><\/span>\n\t\t\t<span class='e-closed'><svg aria-hidden=\"true\" class=\"e-font-icon-svg e-fas-plus\" viewbox=\"0 0 448 512\" xmlns=\"http:\/\/www.w3.org\/2000\/svg\"><path d=\"M416 208H272V64c0-17.67-14.33-32-32-32h-32c-17.67 0-32 14.33-32 32v144H32c-17.67 0-32 14.33-32 32v32c0 17.67 14.33 32 32 32h144v144c0 17.67 14.33 32 32 32h32c17.67 0 32-14.33 32-32V304h144c17.67 0 32-14.33 32-32v-32c0-17.67-14.33-32-32-32z\"><\/path><\/svg><\/span>\n\t\t<\/span>\n\n\t\t\t\t\t\t<\/summary>\n\t\t\t\t<div role=\"region\" aria-labelledby=\"e-n-accordion-item-8442\" class=\"elementor-element elementor-element-e1aac2f e-con-full e-flex e-con e-child\" data-id=\"e1aac2f\" data-element_type=\"container\" data-e-type=\"container\">\n\t\t<div role=\"region\" aria-labelledby=\"e-n-accordion-item-8442\" class=\"elementor-element elementor-element-3d7543d e-flex e-con-boxed e-con e-child\" data-id=\"3d7543d\" data-element_type=\"container\" data-e-type=\"container\">\n\t\t\t\t\t<div class=\"e-con-inner\">\n\t\t\t\t<div class=\"elementor-element elementor-element-dde8b44 elementor-widget elementor-widget-text-editor\" data-id=\"dde8b44\" data-element_type=\"widget\" data-e-type=\"widget\" data-widget_type=\"text-editor.default\">\n\t\t\t\t\t\t\t\t\t<h5><strong>Garnitur<\/strong><br \/>Je\u015bli wybierzecie garnitur, krawat b\u0119dzie mile widziany, ale nie jest obowi\u0105zkowy.<\/h5><h5><strong>Kilt<\/strong><br \/>Je\u015bli wolicie za\u0142o\u017cy\u0107 kilt (to idealna okazja!), nic prostszego. Wystarczy napisa\u0107 do nas (Panny M\u0142odej), a przeprowadzimy Was przez wszystkie kroki i pomo\u017cemy skorzysta\u0107 z preferencyjnej ceny u <a href=\"https:\/\/macgregorandmacduff.co.uk\/collections\/kilt-hire\" target=\"_blank\" rel=\"noopener\">MacGregor &amp; MacDuff<\/a>. Wz\u00f3r tartanu, czyli najwa\u017cniejsza cz\u0119\u015b\u0107 kiltu, jest zazwyczaj zwi\u0105zany z klanem, ale niekt\u00f3re modele mo\u017cna nosi\u0107 swobodnie, na przyk\u0142ad <span style=\"text-transform: initial;\">des gammes <\/span><a href=\"https:\/\/macgregorandmacduff.co.uk\/collections\/tartan-finder\/mist#moveDown\" target=\"_blank\" rel=\"noopener\">Mist<\/a>, <a href=\"https:\/\/macgregorandmacduff.co.uk\/collections\/tartan-finder\/Scotland%20Forever#moveDown\" target=\"_blank\" rel=\"noopener\">Scotland Forever<\/a> czy <a href=\"https:\/\/macgregorandmacduff.co.uk\/collections\/tartan-finder\/Black%20Watch#moveDown\" target=\"_blank\" rel=\"noopener\">Black Watch<\/a><span style=\"text-transform: initial;\"> .<\/span>\u00a0Wasz kilt b\u0119dzie czeka\u0142 w pokoju po przyje\u017adzie do Carberry Tower. \u2728<\/h5>\t\t\t\t\t\t\t\t<\/div>\n\t\t\t\t\t<\/div>\n\t\t\t\t<\/div>\n\t\t\t\t<\/div>\n\t\t\t\t\t<\/details>\n\t\t\t\t\t\t<details id=\"e-n-accordion-item-8443\" class=\"e-n-accordion-item\" >\n\t\t\t\t<summary class=\"e-n-accordion-item-title\" data-accordion-index=\"4\" tabindex=\"-1\" aria-expanded=\"false\" aria-controls=\"e-n-accordion-item-8443\" >\n\t\t\t\t\t<span class='e-n-accordion-item-title-header'><div class=\"e-n-accordion-item-title-text\"> Dzieci <\/div><\/span>\n\t\t\t\t\t\t\t<span class='e-n-accordion-item-title-icon'>\n\t\t\t<span class='e-opened' ><svg aria-hidden=\"true\" class=\"e-font-icon-svg e-fas-minus\" viewbox=\"0 0 448 512\" xmlns=\"http:\/\/www.w3.org\/2000\/svg\"><path d=\"M416 208H32c-17.67 0-32 14.33-32 32v32c0 17.67 14.33 32 32 32h384c17.67 0 32-14.33 32-32v-32c0-17.67-14.33-32-32-32z\"><\/path><\/svg><\/span>\n\t\t\t<span class='e-closed'><svg aria-hidden=\"true\" class=\"e-font-icon-svg e-fas-plus\" viewbox=\"0 0 448 512\" xmlns=\"http:\/\/www.w3.org\/2000\/svg\"><path d=\"M416 208H272V64c0-17.67-14.33-32-32-32h-32c-17.67 0-32 14.33-32 32v144H32c-17.67 0-32 14.33-32 32v32c0 17.67 14.33 32 32 32h144v144c0 17.67 14.33 32 32 32h32c17.67 0 32-14.33 32-32V304h144c17.67 0 32-14.33 32-32v-32c0-17.67-14.33-32-32-32z\"><\/path><\/svg><\/span>\n\t\t<\/span>\n\n\t\t\t\t\t\t<\/summary>\n\t\t\t\t<div role=\"region\" aria-labelledby=\"e-n-accordion-item-8443\" class=\"elementor-element elementor-element-def7467 e-flex e-con-boxed e-con e-child\" data-id=\"def7467\" data-element_type=\"container\" data-e-type=\"container\">\n\t\t\t\t\t<div class=\"e-con-inner\">\n\t\t<div role=\"region\" aria-labelledby=\"e-n-accordion-item-8443\" class=\"elementor-element elementor-element-fbea6c0 e-con-full e-flex e-con e-child\" data-id=\"fbea6c0\" data-element_type=\"container\" data-e-type=\"container\">\n\t\t<div role=\"region\" aria-labelledby=\"e-n-accordion-item-8443\" class=\"elementor-element elementor-element-ecd7f12 e-con-full e-flex e-con e-child\" data-id=\"ecd7f12\" data-element_type=\"container\" data-e-type=\"container\">\n\t\t\t\t<div class=\"elementor-element elementor-element-34cc44b elementor-widget elementor-widget-text-editor\" data-id=\"34cc44b\" data-element_type=\"widget\" data-e-type=\"widget\" data-widget_type=\"text-editor.default\">\n\t\t\t\t\t\t\t\t\t<h5><strong>Niemowl\u0119ta<br \/><\/strong>\u0141\u00f3\u017ceczka dzieci\u0119ce s\u0105 dost\u0119pne na \u017cyczenie u Pary M\u0142odej. Na miejscu b\u0119d\u0105 te\u017c krzese\u0142ka do karmienia podczas posi\u0142k\u00f3w.<\/h5><h5><strong>Dzieci poni\u017cej 11. roku \u017cycia<br \/><\/strong>W niekt\u00f3rych pokojach istnieje mo\u017cliwo\u015b\u0107 dostawienia dodatkowych \u0142\u00f3\u017cek dla dzieci. Prosimy zaznaczy\u0107 to w odpowiedzi w RSVP.<\/h5>\t\t\t\t\t\t\t\t<\/div>\n\t\t\t\t<\/div>\n\t\t\t\t<\/div>\n\t\t\t\t\t<\/div>\n\t\t\t\t<\/div>\n\t\t\t\t\t<\/details>\n\t\t\t\t\t\t<details id=\"e-n-accordion-item-8444\" class=\"e-n-accordion-item\" >\n\t\t\t\t<summary class=\"e-n-accordion-item-title\" data-accordion-index=\"5\" tabindex=\"-1\" aria-expanded=\"false\" aria-controls=\"e-n-accordion-item-8444\" >\n\t\t\t\t\t<span class='e-n-accordion-item-title-header'><div class=\"e-n-accordion-item-title-text\"> Zwierz\u0119ta towarzysz\u0105ce <\/div><\/span>\n\t\t\t\t\t\t\t<span class='e-n-accordion-item-title-icon'>\n\t\t\t<span class='e-opened' ><svg aria-hidden=\"true\" class=\"e-font-icon-svg e-fas-minus\" viewbox=\"0 0 448 512\" xmlns=\"http:\/\/www.w3.org\/2000\/svg\"><path d=\"M416 208H32c-17.67 0-32 14.33-32 32v32c0 17.67 14.33 32 32 32h384c17.67 0 32-14.33 32-32v-32c0-17.67-14.33-32-32-32z\"><\/path><\/svg><\/span>\n\t\t\t<span class='e-closed'><svg aria-hidden=\"true\" class=\"e-font-icon-svg e-fas-plus\" viewbox=\"0 0 448 512\" xmlns=\"http:\/\/www.w3.org\/2000\/svg\"><path d=\"M416 208H272V64c0-17.67-14.33-32-32-32h-32c-17.67 0-32 14.33-32 32v144H32c-17.67 0-32 14.33-32 32v32c0 17.67 14.33 32 32 32h144v144c0 17.67 14.33 32 32 32h32c17.67 0 32-14.33 32-32V304h144c17.67 0 32-14.33 32-32v-32c0-17.67-14.33-32-32-32z\"><\/path><\/svg><\/span>\n\t\t<\/span>\n\n\t\t\t\t\t\t<\/summary>\n\t\t\t\t<div role=\"region\" aria-labelledby=\"e-n-accordion-item-8444\" class=\"elementor-element elementor-element-0e4c7a6 e-con-full e-flex e-con e-child\" data-id=\"0e4c7a6\" data-element_type=\"container\" data-e-type=\"container\">\n\t\t<div role=\"region\" aria-labelledby=\"e-n-accordion-item-8444\" class=\"elementor-element elementor-element-fb9c530 e-flex e-con-boxed e-con e-child\" data-id=\"fb9c530\" data-element_type=\"container\" data-e-type=\"container\">\n\t\t\t\t\t<div class=\"e-con-inner\">\n\t\t\t\t<div class=\"elementor-element elementor-element-20b3b86 elementor-widget elementor-widget-text-editor\" data-id=\"20b3b86\" data-element_type=\"widget\" data-e-type=\"widget\" data-no-translation=\"\" data-widget_type=\"text-editor.default\">\n\t\t\t\t\t<style>.elementor-element-20b3b86{display:none !important}<\/style>\t\t\t\t<\/div>\n\t\t\t\t<div class=\"elementor-element elementor-element-67d0bfa elementor-widget elementor-widget-text-editor\" data-id=\"67d0bfa\" data-element_type=\"widget\" data-e-type=\"widget\" data-no-translation=\"\" data-widget_type=\"text-editor.default\">\n\t\t\t\t\t\t\t\t\t<h5><span style=\"text-transform: initial;\">Psy nie s\u0105 dozwolone w Carberry Tower, ale s\u0105 mile widziane w cottage\u2019ach znajduj\u0105cych si\u0119 tu\u017c obok zamku. Je\u015bli chcieliby\u015bcie przyjecha\u0107 ze swoim czworono\u017cnym towarzyszem, prosimy zaznaczy\u0107 to w odpowiedzi na RSVP.<\/span><\/h5><h5>Aby podr\u00f3\u017c do Wielkiej Brytanii odby\u0142a si\u0119 bez ryzyka kwarantanny, warto wcze\u015bniej skonsultowa\u0107 si\u0119 z weterynarzem i sprawdzi\u0107, jakie szczepienia, zabiegi oraz dokumenty identyfikacyjne b\u0119d\u0105 potrzebne. Aktualne wymagania znajdziecie na portalu Gov.pl \u201e<a href=\"https:\/\/www.gov.pl\/web\/wielkabrytania\/przewoz-zwierzat?utm_source=chatgpt.com\" target=\"_blank\" rel=\"noopener\">Polska w Wielkiej Brytanii<\/a>\u201d.<\/h5>\t\t\t\t\t\t\t\t<\/div>\n\t\t\t\t\t<\/div>\n\t\t\t\t<\/div>\n\t\t\t\t<\/div>\n\t\t\t\t\t<\/details>\n\t\t\t\t\t<\/div>\n\t\t\t\t\t\t<\/div>\n\t\t\t\t<\/div>\n\t\t\t\t\t<\/div>\n\t\t\t\t<\/div>\n\t\t\t\t<\/div>","protected":false},"excerpt":{"rendered":"<p>All the answers you need Si vous ne trouvez pas de r\u00e9ponse \u00e0 vos questions, n\u2019h\u00e9sitez pas \u00e0 nous contacter directement\u00a0ou \u00e0 vous adresser \u00e0 nos t\u00e9moins. M\u00e9t\u00e9o En juillet, les temp\u00e9ratures sont douces, autour de 15 \u00b0C le matin et 19 \u00b0C l\u2019apr\u00e8s-midi, avec quelques averses possibles (en moyenne un jour sur trois, on [&hellip;]<\/p>\n","protected":false},"author":1,"featured_media":0,"parent":0,"menu_order":0,"comment_status":"closed","ping_status":"closed","template":"page-full-width.php","meta":{"footnotes":"","_wp_rev_ctl_limit":""},"class_list":["post-10163","page","type-page","status-publish","hentry"],"_links":{"self":[{"href":"https:\/\/the-scottish-wedding.com\/pl\/wp-json\/wp\/v2\/pages\/10163","targetHints":{"allow":["GET"]}}],"collection":[{"href":"https:\/\/the-scottish-wedding.com\/pl\/wp-json\/wp\/v2\/pages"}],"about":[{"href":"https:\/\/the-scottish-wedding.com\/pl\/wp-json\/wp\/v2\/types\/page"}],"author":[{"embeddable":true,"href":"https:\/\/the-scottish-wedding.com\/pl\/wp-json\/wp\/v2\/users\/1"}],"replies":[{"embeddable":true,"href":"https:\/\/the-scottish-wedding.com\/pl\/wp-json\/wp\/v2\/comments?post=10163"}],"version-history":[{"count":15,"href":"https:\/\/the-scottish-wedding.com\/pl\/wp-json\/wp\/v2\/pages\/10163\/revisions"}],"predecessor-version":[{"id":15263,"href":"https:\/\/the-scottish-wedding.com\/pl\/wp-json\/wp\/v2\/pages\/10163\/revisions\/15263"}],"wp:attachment":[{"href":"https:\/\/the-scottish-wedding.com\/pl\/wp-json\/wp\/v2\/media?parent=10163"}],"curies":[{"name":"wp","href":"https:\/\/api.w.org\/{rel}","templated":true}]}}