{"id":13152,"date":"2025-12-31T03:14:46","date_gmt":"2025-12-31T02:14:46","guid":{"rendered":"https:\/\/the-scottish-wedding.com\/?page_id=13152"},"modified":"2026-01-22T03:17:03","modified_gmt":"2026-01-22T02:17:03","slug":"cagnotte","status":"publish","type":"page","link":"https:\/\/the-scottish-wedding.com\/pl\/cagnotte\/","title":{"rendered":"Prezent \u015blubny"},"content":{"rendered":"<div data-elementor-type=\"wp-page\" data-elementor-id=\"13152\" class=\"elementor elementor-13152\">\n\t\t\t\t<div class=\"elementor-element elementor-element-ed028e3 e-con-full e-flex e-con e-parent\" data-id=\"ed028e3\" data-element_type=\"container\" data-e-type=\"container\">\n\t\t<div class=\"elementor-element elementor-element-35f42e5 e-con-full e-flex e-con e-child\" data-id=\"35f42e5\" data-element_type=\"container\" data-e-type=\"container\">\n\t\t\t\t<div class=\"elementor-element elementor-element-db327af elementor-widget elementor-widget-bisou_core_custom_font\" data-id=\"db327af\" data-element_type=\"widget\" data-e-type=\"widget\" data-widget_type=\"bisou_core_custom_font.default\">\n\t\t\t\t<div class=\"elementor-widget-container\">\n\t\t\t\t\t<p class=\"qodef-shortcode qodef-m qodef-custom-font qodef-custom-font-95 qodef-layout--simple qodef--has-appear qodef-appear-duration--long\" style=\"text-align: center;font-size: 70px;line-height: 70px\">\n\t\t\t\t\t\t<span class=\"qodef--word\"><span class=\"qode--char\" style=\"--qode-i:0\">T<\/span><span class=\"qode--char\" style=\"--qode-i:1\">h<\/span><span class=\"qode--char\" style=\"--qode-i:2\">e<\/span><\/span> <span class=\"qodef--word\"><span class=\"qode--char\" style=\"--qode-i:3\">w<\/span><span class=\"qode--char\" style=\"--qode-i:4\">e<\/span><span class=\"qode--char\" style=\"--qode-i:5\">d<\/span><span class=\"qode--char\" style=\"--qode-i:6\">d<\/span><span class=\"qode--char\" style=\"--qode-i:7\">i<\/span><span class=\"qode--char\" style=\"--qode-i:8\">n<\/span><span class=\"qode--char\" style=\"--qode-i:9\">g<\/span><\/span> <span class=\"qodef--word\"><span class=\"qode--char\" style=\"--qode-i:10\">p<\/span><span class=\"qode--char\" style=\"--qode-i:11\">o<\/span><span class=\"qode--char\" style=\"--qode-i:12\">t<\/span><\/span>\t\t\t<\/p>\n\t\t\t\t<\/div>\n\t\t\t\t<\/div>\n\t\t\t\t<\/div>\n\t\t\t\t<\/div>\n\t\t<div class=\"elementor-element elementor-element-1c3806c e-flex e-con-boxed e-con e-parent\" data-id=\"1c3806c\" data-element_type=\"container\" data-e-type=\"container\">\n\t\t\t\t\t<div class=\"e-con-inner\">\n\t\t\t\t<div class=\"elementor-element elementor-element-289d320 elementor-widget elementor-widget-text-editor\" data-id=\"289d320\" data-element_type=\"widget\" data-e-type=\"widget\" data-widget_type=\"text-editor.default\">\n\t\t\t\t\t\t\t\t\t<h5 style=\"text-align: center;\">Najcenniejsze s\u0105 dla nas wsp\u00f3lnie prze\u017cyte chwile oraz pi\u0119kne wspomnienia. Je\u015bli maj\u0105 Pa\u0144stwo ochot\u0119 wesprze\u0107 nas w ich tworzeniu, z rado\u015bci\u0105 przedstawiamy trzy marzenia szczeg\u00f3lnie bliskie naszym sercom, w kt\u00f3rych realizacji mog\u0105 nam Pa\u0144stwo pom\u00f3c \ud83d\ude0a<\/h5>\t\t\t\t\t\t\t\t<\/div>\n\t\t\t\t\t<\/div>\n\t\t\t\t<\/div>\n\t\t<div class=\"elementor-element elementor-element-1d03ffa e-flex e-con-boxed e-con e-parent\" data-id=\"1d03ffa\" data-element_type=\"container\" data-e-type=\"container\">\n\t\t\t\t\t<div class=\"e-con-inner\">\n\t\t<div class=\"elementor-element elementor-element-6a1922b e-con-full e-flex e-con e-child\" data-id=\"6a1922b\" data-element_type=\"container\" data-e-type=\"container\">\n\t\t<div class=\"elementor-element elementor-element-c76cca5 e-con-full e-flex e-con e-child\" data-id=\"c76cca5\" data-element_type=\"container\" data-e-type=\"container\">\n\t\t\t\t<div class=\"elementor-element elementor-element-f30b6de elementor-widget elementor-widget-bisou_core_product_list\" data-id=\"f30b6de\" data-element_type=\"widget\" data-e-type=\"widget\" data-widget_type=\"bisou_core_product_list.default\">\n\t\t\t\t<div class=\"elementor-widget-container\">\n\t\t\t\t\t<div class=\"qodef-shortcode qodef-m qodef-woo-shortcode qodef-woo-product-list qodef-item-layout--info-below qodef-grid qodef-layout--columns qodef-col-num--3 qodef-item-layout--info-below qodef-pagination--off qodef-responsive--predefined qodef-swiper--show-pagination\"  data-options=\"{&quot;plugin&quot;:&quot;bisou_core&quot;,&quot;module&quot;:&quot;plugins\\\/woocommerce\\\/shortcodes&quot;,&quot;shortcode&quot;:&quot;product-list&quot;,&quot;post_type&quot;:&quot;product&quot;,&quot;next_page&quot;:&quot;2&quot;,&quot;max_pages_num&quot;:1,&quot;behavior&quot;:&quot;columns&quot;,&quot;images_proportion&quot;:&quot;full&quot;,&quot;columns&quot;:&quot;3&quot;,&quot;columns_responsive&quot;:&quot;predefined&quot;,&quot;columns_1512&quot;:&quot;3&quot;,&quot;columns_1368&quot;:&quot;3&quot;,&quot;columns_1200&quot;:&quot;3&quot;,&quot;columns_1024&quot;:&quot;3&quot;,&quot;columns_880&quot;:&quot;3&quot;,&quot;columns_680&quot;:&quot;3&quot;,&quot;posts_per_page&quot;:&quot;9&quot;,&quot;orderby&quot;:&quot;date&quot;,&quot;order&quot;:&quot;ASC&quot;,&quot;parallax_items&quot;:&quot;no&quot;,&quot;layout&quot;:&quot;info-below&quot;,&quot;title_tag&quot;:&quot;h4&quot;,&quot;hide_rating&quot;:&quot;yes&quot;,&quot;enable_filter&quot;:&quot;no&quot;,&quot;pagination_type&quot;:&quot;no-pagination&quot;,&quot;object_class_name&quot;:&quot;BisouCore_Product_List_Shortcode&quot;,&quot;taxonomy_filter&quot;:&quot;product_cat&quot;,&quot;additional_query_args&quot;:[],&quot;holder_styles&quot;:[]}\">\n\t\t<ul class=\"qodef-grid-inner\">\n\t\t<li class=\"qodef-e qodef-grid-item qodef-item--full cpw-product product type-product post-13131 status-publish first instock product_cat-non-classe has-post-thumbnail virtual purchasable product-type-simple\">\n\t<div class=\"qodef-e-inner\">\n\t\t\t\t\t<div class=\"qodef-e-media\">\n\t\t\t\t\t<div class=\"qodef-e-media-image\">\n\t\t<a href=\"https:\/\/the-scottish-wedding.com\/pl\/cagnotte\/hebergement-mariage\/\" class=\"woocommerce-LoopProduct-link woocommerce-loop-product__link\">\t\t\t\t\t\t<img fetchpriority=\"high\" decoding=\"async\" width=\"900\" height=\"1200\" src=\"https:\/\/the-scottish-wedding.com\/wp-content\/uploads\/2025\/12\/Produit-Carberry.jpg\" class=\"attachment-full size-full wp-post-image\" alt=\"\" srcset=\"https:\/\/the-scottish-wedding.com\/wp-content\/uploads\/2025\/12\/Produit-Carberry.jpg 900w, https:\/\/the-scottish-wedding.com\/wp-content\/uploads\/2025\/12\/Produit-Carberry-225x300.jpg 225w, https:\/\/the-scottish-wedding.com\/wp-content\/uploads\/2025\/12\/Produit-Carberry-768x1024.jpg 768w, https:\/\/the-scottish-wedding.com\/wp-content\/uploads\/2025\/12\/Produit-Carberry-9x12.jpg 9w, https:\/\/the-scottish-wedding.com\/wp-content\/uploads\/2025\/12\/Produit-Carberry-300x400.jpg 300w, https:\/\/the-scottish-wedding.com\/wp-content\/uploads\/2025\/12\/Produit-Carberry-600x800.jpg 600w\" sizes=\"(max-width: 900px) 100vw, 900px\" \/>\t\t<\/a>\t<\/div>\n\t\t\t\t<div class=\"qodef-e-media-inner\">\n\t\t\t\t\t<a href=\"https:\/\/the-scottish-wedding.com\/pl\/cagnotte\/hebergement-mariage\/\" aria-describedby=\"woocommerce_loop_add_to_cart_link_describedby_13131\" data-quantity=\"1\" class=\"button product_type_simple add_to_cart_button text_replaceable\" data-product_id=\"13131\" data-product_sku=\"\" aria-label=\"Dodaj do koszyka: \u201eH\u00e9bergement mariage\u201d\" rel=\"nofollow\" data-success_message=\"\u201cH\u00e9bergement mariage\u201d zosta\u0142 dodany do twojego koszyka\" data-no-translation-aria-label=\"\" data-no-translation-data-success_message=\"\">Wesprzyj<\/a>\t<span id=\"woocommerce_loop_add_to_cart_link_describedby_13131\" class=\"screen-reader-text\">\n\t\t\t<\/span>\n\t\t\t\t<\/div>\n\t\t\t\t<a href=\"https:\/\/the-scottish-wedding.com\/pl\/cagnotte\/hebergement-mariage\/\" class=\"woocommerce-LoopProduct-link woocommerce-loop-product__link\"><\/a>\t\t\t<\/div>\n\t\t\t\t<div class=\"qodef-e-content\">\n\t\t\t<h4 itemprop=\"name\" class=\"qodef-woo-product-title entry-title\" >\n\t<a itemprop=\"url\" class=\"qodef-woo-product-title-link\" href=\"https:\/\/the-scottish-wedding.com\/pl\/cagnotte\/hebergement-mariage\/\">\n\t\tZakwaterowanie na wesele\t<\/a>\n<\/h4>\n\t\t\t\t\t<div class=\"qodef-woo-product-price price\"><span class=\"from\">Od: <\/span><span class=\"woocommerce-Price-amount amount\">0&nbsp;<span class=\"woocommerce-Price-currencySymbol\">&euro;<\/span><\/span><\/div>\n\t\t\t\t\t\t\t<\/div>\n\t<\/div>\n<\/li>\n<li class=\"qodef-e qodef-grid-item qodef-item--full cpw-product product type-product post-13132 status-publish instock product_cat-non-classe has-post-thumbnail virtual purchasable product-type-simple\">\n\t<div class=\"qodef-e-inner\">\n\t\t\t\t\t<div class=\"qodef-e-media\">\n\t\t\t\t\t<div class=\"qodef-e-media-image\">\n\t\t<a href=\"https:\/\/the-scottish-wedding.com\/pl\/cagnotte\/road-trip-ecossais\/\" class=\"woocommerce-LoopProduct-link woocommerce-loop-product__link\">\t\t\t\t\t\t<img decoding=\"async\" width=\"900\" height=\"1200\" src=\"https:\/\/the-scottish-wedding.com\/wp-content\/uploads\/2025\/12\/Produit-road-trip.jpg\" class=\"attachment-full size-full wp-post-image\" alt=\"\" srcset=\"https:\/\/the-scottish-wedding.com\/wp-content\/uploads\/2025\/12\/Produit-road-trip.jpg 900w, https:\/\/the-scottish-wedding.com\/wp-content\/uploads\/2025\/12\/Produit-road-trip-225x300.jpg 225w, https:\/\/the-scottish-wedding.com\/wp-content\/uploads\/2025\/12\/Produit-road-trip-768x1024.jpg 768w, https:\/\/the-scottish-wedding.com\/wp-content\/uploads\/2025\/12\/Produit-road-trip-9x12.jpg 9w, https:\/\/the-scottish-wedding.com\/wp-content\/uploads\/2025\/12\/Produit-road-trip-300x400.jpg 300w, https:\/\/the-scottish-wedding.com\/wp-content\/uploads\/2025\/12\/Produit-road-trip-600x800.jpg 600w\" sizes=\"(max-width: 900px) 100vw, 900px\" \/>\t\t<\/a>\t<\/div>\n\t\t\t\t<div class=\"qodef-e-media-inner\">\n\t\t\t\t\t<a href=\"https:\/\/the-scottish-wedding.com\/pl\/cagnotte\/road-trip-ecossais\/\" aria-describedby=\"woocommerce_loop_add_to_cart_link_describedby_13132\" data-quantity=\"1\" class=\"button product_type_simple add_to_cart_button text_replaceable\" data-product_id=\"13132\" data-product_sku=\"\" aria-label=\"Dodaj do koszyka: \u201eRoad trip \u00e9cossais\u201d\" rel=\"nofollow\" data-success_message=\"\u201cRoad trip \u00e9cossais\u201d zosta\u0142 dodany do twojego koszyka\" data-no-translation-aria-label=\"\" data-no-translation-data-success_message=\"\">Wesprzyj<\/a>\t<span id=\"woocommerce_loop_add_to_cart_link_describedby_13132\" class=\"screen-reader-text\">\n\t\t\t<\/span>\n\t\t\t\t<\/div>\n\t\t\t\t<a href=\"https:\/\/the-scottish-wedding.com\/pl\/cagnotte\/road-trip-ecossais\/\" class=\"woocommerce-LoopProduct-link woocommerce-loop-product__link\"><\/a>\t\t\t<\/div>\n\t\t\t\t<div class=\"qodef-e-content\">\n\t\t\t<h4 itemprop=\"name\" class=\"qodef-woo-product-title entry-title\" >\n\t<a itemprop=\"url\" class=\"qodef-woo-product-title-link\" href=\"https:\/\/the-scottish-wedding.com\/pl\/cagnotte\/road-trip-ecossais\/\">\n\t\tSzkocki road trip\t<\/a>\n<\/h4>\n\t\t\t\t\t<div class=\"qodef-woo-product-price price\"><span class=\"from\">Od: <\/span><span class=\"woocommerce-Price-amount amount\">0&nbsp;<span class=\"woocommerce-Price-currencySymbol\">&euro;<\/span><\/span><\/div>\n\t\t\t\t\t\t\t<\/div>\n\t<\/div>\n<\/li>\n<li class=\"qodef-e qodef-grid-item qodef-item--full cpw-product product type-product post-13124 status-publish last instock product_cat-non-classe has-post-thumbnail virtual purchasable product-type-simple\">\n\t<div class=\"qodef-e-inner\">\n\t\t\t\t\t<div class=\"qodef-e-media\">\n\t\t\t\t\t<div class=\"qodef-e-media-image\">\n\t\t<a href=\"https:\/\/the-scottish-wedding.com\/pl\/cagnotte\/voyage-de-noces\/\" class=\"woocommerce-LoopProduct-link woocommerce-loop-product__link\">\t\t\t\t\t\t<img decoding=\"async\" width=\"900\" height=\"1200\" src=\"https:\/\/the-scottish-wedding.com\/wp-content\/uploads\/2025\/12\/Produit-aurores-boreales.jpg\" class=\"attachment-full size-full wp-post-image\" alt=\"\" \/>\t\t<\/a>\t<\/div>\n\t\t\t\t<div class=\"qodef-e-media-inner\">\n\t\t\t\t\t<a href=\"https:\/\/the-scottish-wedding.com\/pl\/cagnotte\/voyage-de-noces\/\" aria-describedby=\"woocommerce_loop_add_to_cart_link_describedby_13124\" data-quantity=\"1\" class=\"button product_type_simple add_to_cart_button text_replaceable\" data-product_id=\"13124\" data-product_sku=\"\" aria-label=\"Dodaj do koszyka: \u201eVoyage de noces\u201d\" rel=\"nofollow\" data-success_message=\"\u201cVoyage de noces\u201d zosta\u0142 dodany do twojego koszyka\" data-no-translation-aria-label=\"\" data-no-translation-data-success_message=\"\">Wesprzyj<\/a>\t<span id=\"woocommerce_loop_add_to_cart_link_describedby_13124\" class=\"screen-reader-text\">\n\t\t\t<\/span>\n\t\t\t\t<\/div>\n\t\t\t\t<a href=\"https:\/\/the-scottish-wedding.com\/pl\/cagnotte\/voyage-de-noces\/\" class=\"woocommerce-LoopProduct-link woocommerce-loop-product__link\"><\/a>\t\t\t<\/div>\n\t\t\t\t<div class=\"qodef-e-content\">\n\t\t\t<h4 itemprop=\"name\" class=\"qodef-woo-product-title entry-title\" >\n\t<a itemprop=\"url\" class=\"qodef-woo-product-title-link\" href=\"https:\/\/the-scottish-wedding.com\/pl\/cagnotte\/voyage-de-noces\/\">\n\t\tPodr\u00f3z poslubna\t<\/a>\n<\/h4>\n\t\t\t\t\t<div class=\"qodef-woo-product-price price\"><span class=\"from\">Od: <\/span><span class=\"woocommerce-Price-amount amount\">0&nbsp;<span class=\"woocommerce-Price-currencySymbol\">&euro;<\/span><\/span><\/div>\n\t\t\t\t\t\t\t<\/div>\n\t<\/div>\n<\/li>\n\t<\/ul>\n\t<\/div>\n\t\t\t\t<\/div>\n\t\t\t\t<\/div>\n\t\t\t\t<\/div>\n\t\t\t\t<\/div>\n\t\t\t\t\t<\/div>\n\t\t\t\t<\/div>\n\t\t\t\t<\/div>","protected":false},"excerpt":{"rendered":"<p>The wedding pot Rien n&rsquo;est plus important que les moments partag\u00e9s et les beaux souvenirs ! Si vous le souhaitez, voici trois grands projets qui nous tiennent particuli\u00e8rement \u00e0 c\u0153ur que vous pouvez nous aider \u00e0 r\u00e9aliser \ud83d\ude0a Contribuer H\u00e9bergement mariage \u00c0 partir de\u00a0: 0&nbsp;&euro; Contribuer Road trip \u00e9cossais \u00c0 partir de\u00a0: 0&nbsp;&euro; Contribuer Voyage [&hellip;]<\/p>\n","protected":false},"author":1,"featured_media":0,"parent":0,"menu_order":0,"comment_status":"closed","ping_status":"closed","template":"page-full-width.php","meta":{"footnotes":"","_wp_rev_ctl_limit":""},"class_list":["post-13152","page","type-page","status-publish","hentry"],"_links":{"self":[{"href":"https:\/\/the-scottish-wedding.com\/pl\/wp-json\/wp\/v2\/pages\/13152","targetHints":{"allow":["GET"]}}],"collection":[{"href":"https:\/\/the-scottish-wedding.com\/pl\/wp-json\/wp\/v2\/pages"}],"about":[{"href":"https:\/\/the-scottish-wedding.com\/pl\/wp-json\/wp\/v2\/types\/page"}],"author":[{"embeddable":true,"href":"https:\/\/the-scottish-wedding.com\/pl\/wp-json\/wp\/v2\/users\/1"}],"replies":[{"embeddable":true,"href":"https:\/\/the-scottish-wedding.com\/pl\/wp-json\/wp\/v2\/comments?post=13152"}],"version-history":[{"count":15,"href":"https:\/\/the-scottish-wedding.com\/pl\/wp-json\/wp\/v2\/pages\/13152\/revisions"}],"predecessor-version":[{"id":15215,"href":"https:\/\/the-scottish-wedding.com\/pl\/wp-json\/wp\/v2\/pages\/13152\/revisions\/15215"}],"wp:attachment":[{"href":"https:\/\/the-scottish-wedding.com\/pl\/wp-json\/wp\/v2\/media?parent=13152"}],"curies":[{"name":"wp","href":"https:\/\/api.w.org\/{rel}","templated":true}]}}