{"id":1620,"date":"2024-06-04T10:00:19","date_gmt":"2024-06-04T10:00:19","guid":{"rendered":"https:\/\/bisou.qodeinteractive.com\/?page_id=1620"},"modified":"2026-01-18T19:45:11","modified_gmt":"2026-01-18T18:45:11","slug":"rsvp","status":"publish","type":"page","link":"https:\/\/the-scottish-wedding.com\/pl\/rsvp\/","title":{"rendered":"RSVP"},"content":{"rendered":"\t\t<div data-elementor-type=\"wp-page\" data-elementor-id=\"1620\" class=\"elementor elementor-1620\">\n\t\t\t\t<div class=\"elementor-element elementor-element-a3e9c7f e-con-full e-flex e-con e-parent\" data-id=\"a3e9c7f\" data-element_type=\"container\" data-e-type=\"container\">\n\t\t<div class=\"elementor-element elementor-element-fb86160 e-con-full e-flex e-con e-child\" data-id=\"fb86160\" data-element_type=\"container\" data-e-type=\"container\">\n\t\t\t\t<div class=\"elementor-element elementor-element-560ac83 elementor-widget elementor-widget-bisou_core_custom_font\" data-id=\"560ac83\" data-element_type=\"widget\" data-e-type=\"widget\" data-widget_type=\"bisou_core_custom_font.default\">\n\t\t\t\t<div class=\"elementor-widget-container\">\n\t\t\t\t\t<p class=\"qodef-shortcode qodef-m qodef-custom-font qodef-custom-font-752 qodef-layout--simple qodef--has-appear qodef-appear-duration--long\" style=\"text-align: center;font-size: 70px;line-height: 70px\">\n\t\t\t\t\t\t<span class=\"qodef--word\"><span class=\"qode--char\" style=\"--qode-i:0\">H<\/span><span class=\"qode--char\" style=\"--qode-i:1\">a<\/span><span class=\"qode--char\" style=\"--qode-i:2\">p<\/span><span class=\"qode--char\" style=\"--qode-i:3\">p<\/span><span class=\"qode--char\" style=\"--qode-i:4\">y<\/span><\/span> <span class=\"qodef--word\"><span class=\"qode--char\" style=\"--qode-i:5\">t<\/span><span class=\"qode--char\" style=\"--qode-i:6\">o<\/span><\/span> <span class=\"qodef--word\"><span class=\"qode--char\" style=\"--qode-i:7\">h<\/span><span class=\"qode--char\" style=\"--qode-i:8\">a<\/span><span class=\"qode--char\" style=\"--qode-i:9\">v<\/span><span class=\"qode--char\" style=\"--qode-i:10\">e<\/span><\/span> <span class=\"qodef--word\"><span class=\"qode--char\" style=\"--qode-i:11\">y<\/span><span class=\"qode--char\" style=\"--qode-i:12\">o<\/span><span class=\"qode--char\" style=\"--qode-i:13\">u<\/span><\/span> <span class=\"qodef--word\"><span class=\"qode--char\" style=\"--qode-i:14\">w<\/span><span class=\"qode--char\" style=\"--qode-i:15\">i<\/span><span class=\"qode--char\" style=\"--qode-i:16\">t<\/span><span class=\"qode--char\" style=\"--qode-i:17\">h<\/span><\/span> <span class=\"qodef--word\"><span class=\"qode--char\" style=\"--qode-i:18\">u<\/span><span class=\"qode--char\" style=\"--qode-i:19\">s<\/span><span class=\"qode--char\" style=\"--qode-i:20\">!<\/span><\/span>\t\t\t<\/p>\n\t\t\t\t<\/div>\n\t\t\t\t<\/div>\n\t\t\t\t<\/div>\n\t\t\t\t<\/div>\n\t\t<div class=\"elementor-element elementor-element-e977d12 e-flex e-con-boxed e-con e-parent\" data-id=\"e977d12\" data-element_type=\"container\" data-e-type=\"container\">\n\t\t\t\t\t<div class=\"e-con-inner\">\n\t\t\t\t<div class=\"elementor-element elementor-element-ca90eca elementor-widget elementor-widget-text-editor\" data-id=\"ca90eca\" data-element_type=\"widget\" data-e-type=\"widget\" data-widget_type=\"text-editor.default\">\n\t\t\t\t\t\t\t\t\t<h5 style=\"text-align: center;\">Nous vous attendons avec impatience \u00e0 Carberry Tower Mansion House, \u00e0 proximit\u00e9 d&rsquo;\u00c9dimbourg, du jeudi 16 juillet 2026 en d\u00e9but d&rsquo;apr\u00e8s-midi au samedi 18 en fin de matin\u00e9e.<\/h5><h5 style=\"text-align: center;\">Les repas et les logements sont pris en charge pendant toute la dur\u00e9e du mariage.<\/h5>\t\t\t\t\t\t\t\t<\/div>\n\t\t\t\t\t<\/div>\n\t\t\t\t<\/div>\n\t\t<div class=\"elementor-element elementor-element-e0530d8 e-con-full e-flex e-con e-parent\" data-id=\"e0530d8\" data-element_type=\"container\" data-e-type=\"container\">\n\t\t\t\t<div class=\"elementor-element elementor-element-db353ef elementor-widget__width-auto elementor-widget elementor-widget-bisou_core_custom_font\" data-id=\"db353ef\" data-element_type=\"widget\" data-e-type=\"widget\" data-widget_type=\"bisou_core_custom_font.default\">\n\t\t\t\t<div class=\"elementor-widget-container\">\n\t\t\t\t\t<p class=\"qodef-shortcode qodef-m qodef-custom-font qodef-custom-font-632 qodef-layout--simple qodef--has-appear qodef-appear-duration--quick\" style=\"text-align: inherit;font-family: Lato;font-size: 20px;line-height: 24px;letter-spacing: 1px;font-weight: 400\">\n\t\t\t\t\t\t<span class=\"qodef--word\"><span class=\"qode--char\" style=\"--qode-i:0\">C<\/span><span class=\"qode--char\" style=\"--qode-i:1\">a<\/span><span class=\"qode--char\" style=\"--qode-i:2\">r<\/span><span class=\"qode--char\" style=\"--qode-i:3\">b<\/span><span class=\"qode--char\" style=\"--qode-i:4\">e<\/span><span class=\"qode--char\" style=\"--qode-i:5\">r<\/span><span class=\"qode--char\" style=\"--qode-i:6\">r<\/span><span class=\"qode--char\" style=\"--qode-i:7\">y<\/span><\/span> <span class=\"qodef--word\"><span class=\"qode--char\" style=\"--qode-i:8\">T<\/span><span class=\"qode--char\" style=\"--qode-i:9\">o<\/span><span class=\"qode--char\" style=\"--qode-i:10\">w<\/span><span class=\"qode--char\" style=\"--qode-i:11\">e<\/span><span class=\"qode--char\" style=\"--qode-i:12\">r<\/span><\/span>\t\t\t<\/p>\n\t\t\t\t<\/div>\n\t\t\t\t<\/div>\n\t\t\t\t<div class=\"elementor-element elementor-element-7f46869 elementor-widget__width-auto elementor-hidden-mobile elementor-widget elementor-widget-html\" data-id=\"7f46869\" data-element_type=\"widget\" data-e-type=\"widget\" data-widget_type=\"html.default\">\n\t\t\t\t\t<span class=\"qodef-custom-dot\"><\/span>\t\t\t\t<\/div>\n\t\t\t\t<div class=\"elementor-element elementor-element-2a3cbb8 elementor-widget__width-auto elementor-widget elementor-widget-bisou_core_custom_font\" data-id=\"2a3cbb8\" data-element_type=\"widget\" data-e-type=\"widget\" data-widget_type=\"bisou_core_custom_font.default\">\n\t\t\t\t<div class=\"elementor-widget-container\">\n\t\t\t\t\t<p class=\"qodef-shortcode qodef-m qodef-custom-font qodef-custom-font-195 qodef-layout--simple qodef--has-appear qodef-appear-duration--quick\" style=\"text-align: inherit;font-family: Lato;font-size: 20px;line-height: 24px;letter-spacing: 1px;font-weight: 400\">\n\t\t\t\t\t\t<span class=\"qodef--word\"><span class=\"qode--char\" style=\"--qode-i:0\">M<\/span><span class=\"qode--char\" style=\"--qode-i:1\">u<\/span><span class=\"qode--char\" style=\"--qode-i:2\">s<\/span><span class=\"qode--char\" style=\"--qode-i:3\">s<\/span><span class=\"qode--char\" style=\"--qode-i:4\">e<\/span><span class=\"qode--char\" style=\"--qode-i:5\">l<\/span><span class=\"qode--char\" style=\"--qode-i:6\">b<\/span><span class=\"qode--char\" style=\"--qode-i:7\">u<\/span><span class=\"qode--char\" style=\"--qode-i:8\">r<\/span><span class=\"qode--char\" style=\"--qode-i:9\">g<\/span><span class=\"qode--char\" style=\"--qode-i:10\">h<\/span><span class=\"qode--char\" style=\"--qode-i:11\">,<\/span><\/span> <span class=\"qodef--word\"><span class=\"qode--char\" style=\"--qode-i:12\">E<\/span><span class=\"qode--char\" style=\"--qode-i:13\">H<\/span><span class=\"qode--char\" style=\"--qode-i:14\">2<\/span><span class=\"qode--char\" style=\"--qode-i:15\">1<\/span><\/span> <span class=\"qodef--word\"><span class=\"qode--char\" style=\"--qode-i:16\">8<\/span><span class=\"qode--char\" style=\"--qode-i:17\">P<\/span><span class=\"qode--char\" style=\"--qode-i:18\">Y<\/span><\/span>\t\t\t<\/p>\n\t\t\t\t<\/div>\n\t\t\t\t<\/div>\n\t\t\t\t<div class=\"elementor-element elementor-element-0885f2e elementor-widget__width-auto elementor-hidden-mobile elementor-widget elementor-widget-html\" data-id=\"0885f2e\" data-element_type=\"widget\" data-e-type=\"widget\" data-widget_type=\"html.default\">\n\t\t\t\t\t<span class=\"qodef-custom-dot\"><\/span>\t\t\t\t<\/div>\n\t\t\t\t<div class=\"elementor-element elementor-element-17aed80 elementor-widget__width-auto elementor-widget elementor-widget-bisou_core_custom_font\" data-id=\"17aed80\" data-element_type=\"widget\" data-e-type=\"widget\" data-widget_type=\"bisou_core_custom_font.default\">\n\t\t\t\t<div class=\"elementor-widget-container\">\n\t\t\t\t\t<p class=\"qodef-shortcode qodef-m qodef-custom-font qodef-custom-font-648 qodef-layout--simple qodef--has-appear qodef-appear-duration--quick\" style=\"text-align: inherit;font-family: Lato;font-size: 20px;line-height: 24px;letter-spacing: 1px;font-weight: 400\">\n\t\t\t\t\t\t<span class=\"qodef--word\"><span class=\"qode--char\" style=\"--qode-i:0\">\u00c9<\/span><span class=\"qode--char\" style=\"--qode-i:1\">c<\/span><span class=\"qode--char\" style=\"--qode-i:2\">o<\/span><span class=\"qode--char\" style=\"--qode-i:3\">s<\/span><span class=\"qode--char\" style=\"--qode-i:4\">s<\/span><span class=\"qode--char\" style=\"--qode-i:5\">e<\/span><\/span>\t\t\t<\/p>\n\t\t\t\t<\/div>\n\t\t\t\t<\/div>\n\t\t\t\t<\/div>\n\t\t<div class=\"elementor-element elementor-element-2b10e6a e-con-full e-flex e-con e-parent\" data-id=\"2b10e6a\" data-element_type=\"container\" data-e-type=\"container\">\n\t\t<div class=\"elementor-element elementor-element-accbb19 e-con-full e-flex e-con e-child\" data-id=\"accbb19\" data-element_type=\"container\" data-e-type=\"container\">\n\t\t<div class=\"elementor-element elementor-element-514be37 e-con-full e-flex e-con e-child\" data-id=\"514be37\" data-element_type=\"container\" data-e-type=\"container\">\n\t\t\t\t<div class=\"elementor-element elementor-element-58f0f49 elementor-widget elementor-widget-bisou_core_button\" data-id=\"58f0f49\" data-element_type=\"widget\" data-e-type=\"widget\" data-widget_type=\"bisou_core_button.default\">\n\t\t\t\t<div class=\"elementor-widget-container\">\n\t\t\t\t\t<a class=\"qodef-shortcode qodef-m qodef-button qodef-layout--outlined qodef-html--link\" href=\"https:\/\/the-scottish-wedding.com\/itineraire\/\" target=\"_self\" style=\"--qode-button-color: #316DA0;--qode-button-border-color: #316DA0;--qode-button-inner-border-color: #316DA0\">\n\t<span class=\"qodef-m-text\">Comment venir<\/span>\n<\/a>\n\t\t\t\t<\/div>\n\t\t\t\t<\/div>\n\t\t\t\t<div class=\"elementor-element elementor-element-5eb29a3 elementor-widget elementor-widget-bisou_core_button\" data-id=\"5eb29a3\" data-element_type=\"widget\" data-e-type=\"widget\" data-widget_type=\"bisou_core_button.default\">\n\t\t\t\t<div class=\"elementor-widget-container\">\n\t\t\t\t\t<a class=\"qodef-shortcode qodef-m qodef-button qodef-layout--outlined qodef-html--link\" href=\"https:\/\/the-scottish-wedding.com\/le-mariage\/\" target=\"_self\" style=\"--qode-button-color: #316DA0;--qode-button-border-color: #316DA0;--qode-button-inner-border-color: #316DA0\">\n\t<span class=\"qodef-m-text\">Le programme<\/span>\n<\/a>\n\t\t\t\t<\/div>\n\t\t\t\t<\/div>\n\t\t\t\t<\/div>\n\t\t\t\t<\/div>\n\t\t\t\t<\/div>\n\t\t<div class=\"elementor-element elementor-element-c8f0ab1 e-flex e-con-boxed e-con e-parent\" data-id=\"c8f0ab1\" data-element_type=\"container\" data-e-type=\"container\">\n\t\t\t\t\t<div class=\"e-con-inner\">\n\t\t<div class=\"elementor-element elementor-element-fb72636 e-con-full e-flex e-con e-child\" data-id=\"fb72636\" data-element_type=\"container\" data-e-type=\"container\" data-settings=\"{&quot;background_background&quot;:&quot;classic&quot;}\">\n\t\t\t\t<div class=\"elementor-element elementor-element-3b930d9 elementor-widget elementor-widget-bisou_core_custom_font\" data-id=\"3b930d9\" data-element_type=\"widget\" data-e-type=\"widget\" data-widget_type=\"bisou_core_custom_font.default\">\n\t\t\t\t<div class=\"elementor-widget-container\">\n\t\t\t\t\t<p class=\"qodef-shortcode qodef-m qodef-custom-font qodef-custom-font-670 qodef-layout--simple qodef--has-appear qodef-appear-duration--long\" style=\"text-align: center;font-size: 70px;line-height: 70px\">\n\t\t\t\t\t\t<span class=\"qodef--word\"><span class=\"qode--char\" style=\"--qode-i:0\">W<\/span><span class=\"qode--char\" style=\"--qode-i:1\">i<\/span><span class=\"qode--char\" style=\"--qode-i:2\">l<\/span><span class=\"qode--char\" style=\"--qode-i:3\">l<\/span><\/span> <span class=\"qodef--word\"><span class=\"qode--char\" style=\"--qode-i:4\">y<\/span><span class=\"qode--char\" style=\"--qode-i:5\">o<\/span><span class=\"qode--char\" style=\"--qode-i:6\">u<\/span><\/span> <span class=\"qodef--word\"><span class=\"qode--char\" style=\"--qode-i:7\">a<\/span><span class=\"qode--char\" style=\"--qode-i:8\">t<\/span><span class=\"qode--char\" style=\"--qode-i:9\">t<\/span><span class=\"qode--char\" style=\"--qode-i:10\">e<\/span><span class=\"qode--char\" style=\"--qode-i:11\">n<\/span><span class=\"qode--char\" style=\"--qode-i:12\">d<\/span><span class=\"qode--char\" style=\"--qode-i:13\">?<\/span><\/span>\t\t\t<\/p>\n\t\t\t\t<\/div>\n\t\t\t\t<\/div>\n\t\t\t\t<div class=\"elementor-element elementor-element-a721623 elementor-widget__width-inherit elementor-widget elementor-widget-wp-widget-bisou_core_contact_form_7\" data-id=\"a721623\" data-element_type=\"widget\" data-e-type=\"widget\" data-widget_type=\"wp-widget-bisou_core_contact_form_7.default\">\n\t\t\t\t<div class=\"elementor-widget-container\">\n\t\t\t\t\t\t\t\t<div class=\"qodef-contact-form-7\">\n\t\t\t\t\n<div class=\"wpcf7 no-js\" id=\"wpcf7-f8897-o1\" lang=\"fr-FR\" dir=\"ltr\" data-wpcf7-id=\"8897\">\n<div class=\"screen-reader-response\"><p role=\"status\" aria-live=\"polite\" aria-atomic=\"true\"><\/p> <ul><\/ul><\/div>\n<form action=\"\/pl\/wp-json\/wp\/v2\/pages\/1620#wpcf7-f8897-o1\" method=\"post\" class=\"wpcf7-form init\" aria-label=\"Formulaire de contact\" novalidate=\"novalidate\" data-status=\"init\">\n<fieldset class=\"hidden-fields-container\"><input type=\"hidden\" name=\"_wpcf7\" value=\"8897\" \/><input type=\"hidden\" name=\"_wpcf7_version\" value=\"6.1.5\" \/><input type=\"hidden\" name=\"_wpcf7_locale\" value=\"fr_FR\" \/><input type=\"hidden\" name=\"_wpcf7_unit_tag\" value=\"wpcf7-f8897-o1\" \/><input type=\"hidden\" name=\"_wpcf7_container_post\" value=\"0\" \/><input type=\"hidden\" name=\"_wpcf7_posted_data_hash\" value=\"\" \/><input type=\"hidden\" name=\"_wpcf7cf_hidden_group_fields\" value=\"[]\" \/><input type=\"hidden\" name=\"_wpcf7cf_hidden_groups\" value=\"[]\" \/><input type=\"hidden\" name=\"_wpcf7cf_visible_groups\" value=\"[]\" \/><input type=\"hidden\" name=\"_wpcf7cf_repeaters\" value=\"[]\" \/><input type=\"hidden\" name=\"_wpcf7cf_steps\" value=\"{}\" \/><input type=\"hidden\" name=\"_wpcf7cf_options\" value=\"{&quot;form_id&quot;:8897,&quot;conditions&quot;:[{&quot;then_field&quot;:&quot;Accompagn\\u00e9&quot;,&quot;and_rules&quot;:[{&quot;if_field&quot;:&quot;accompagne&quot;,&quot;operator&quot;:&quot;equals&quot;,&quot;if_value&quot;:&quot;Je viendrai accompagn\\u00e9\\u00b7e&quot;}]},{&quot;then_field&quot;:&quot;Venir&quot;,&quot;and_rules&quot;:[{&quot;if_field&quot;:&quot;venir&quot;,&quot;operator&quot;:&quot;equals&quot;,&quot;if_value&quot;:&quot;Oui, je serai l\\u00e0 !&quot;}]}],&quot;settings&quot;:{&quot;animation&quot;:&quot;yes&quot;,&quot;animation_intime&quot;:200,&quot;animation_outtime&quot;:200,&quot;conditions_ui&quot;:&quot;normal&quot;,&quot;notice_dismissed&quot;:false}}\" \/>\n<\/fieldset>\n<span class=\"wpcf7-form-control-wrap\" data-name=\"identite\"><input size=\"40\" maxlength=\"400\" class=\"wpcf7-form-control wpcf7-text\" aria-invalid=\"false\" placeholder=\"Pr\u00e9nom et nom\" value=\"\" type=\"text\" name=\"identite\" \/><\/span>\n\n<span class=\"wpcf7-form-control-wrap\" data-name=\"email\"><input size=\"40\" maxlength=\"400\" class=\"wpcf7-form-control wpcf7-email wpcf7-text wpcf7-validates-as-email\" aria-invalid=\"false\" placeholder=\"Email\" value=\"\" type=\"email\" name=\"email\" \/><\/span>\n\n<span class=\"wpcf7-form-control-wrap\" data-name=\"tel\"><input size=\"40\" maxlength=\"400\" class=\"wpcf7-form-control wpcf7-text\" aria-invalid=\"false\" placeholder=\"T\u00e9l\u00e9phone\" value=\"\" type=\"text\" name=\"tel\" \/><\/span>\n\n<span class=\"wpcf7-form-control-wrap\" data-name=\"venir\"><span class=\"wpcf7-form-control wpcf7-radio\"><span class=\"wpcf7-list-item first\"><input type=\"radio\" name=\"venir\" value=\"Oui, je serai l\u00e0 !\" \/><span class=\"wpcf7-list-item-label\">Oui, je serai l\u00e0 !<\/span><\/span><span class=\"wpcf7-list-item last\"><input type=\"radio\" name=\"venir\" value=\"D\u00e9sol\u00e9, je ne pourrai pas venir\" \/><span class=\"wpcf7-list-item-label\">D\u00e9sol\u00e9, je ne pourrai pas venir<\/span><\/span><\/span><\/span>\n\n<div data-id=\"Venir\" data-orig_data_id=\"Venir\"  class=\"\" data-class=\"wpcf7cf_group\">\n\n   <span class=\"wpcf7-form-control-wrap\" data-name=\"accompagne\"><span class=\"wpcf7-form-control wpcf7-radio\"><span class=\"wpcf7-list-item first\"><input type=\"radio\" name=\"accompagne\" value=\"Je viendrai accompagn\u00e9\u00b7e\" \/><span class=\"wpcf7-list-item-label\">Je viendrai accompagn\u00e9\u00b7e<\/span><\/span><span class=\"wpcf7-list-item last\"><input type=\"radio\" name=\"accompagne\" value=\"Je viendrai seul\u00b7e \/ Je ne sais pas encore\" \/><span class=\"wpcf7-list-item-label\">Je viendrai seul\u00b7e \/ Je ne sais pas encore<\/span><\/span><\/span><\/span>\n\n   <div data-id=\"Accompagn\u00e9\" data-orig_data_id=\"Accompagn\u00e9\"  class=\"\" data-class=\"wpcf7cf_group\">\n\n      <span class=\"wpcf7-form-control-wrap\" data-name=\"name2\"><input size=\"40\" maxlength=\"400\" class=\"wpcf7-form-control wpcf7-text\" aria-invalid=\"false\" placeholder=\"Pr\u00e9nom et nom de votre +1\" value=\"\" type=\"text\" name=\"name2\" \/><\/span>\n      (Merci d'indiquer si en plus de votre +1 vous serez accompagn\u00e9 d'un ou plusieurs enfants)\n\n   <\/div>\n\n<\/div>\n&nbsp;\n<button class=\"wpcf7-form-control wpcf7-submit qodef-button qodef-size--normal qodef-layout--filled qodef-m\" type=\"submit\"><span class=\"qodef-m-text\">Envoyer<\/span><\/button><div class=\"wpcf7-response-output\" aria-hidden=\"true\"><\/div>\n<\/form>\n<\/div>\n\t\t\t<\/div>\n\t\t\t\t\t\t\t<\/div>\n\t\t\t\t<\/div>\n\t\t\t\t<\/div>\n\t\t\t\t\t<\/div>\n\t\t\t\t<\/div>\n\t\t\t\t<\/div>\n\t\t","protected":false},"excerpt":{"rendered":"<p>Happy to have you with us! Nous vous attendons avec impatience \u00e0 Carberry Tower Mansion House, \u00e0 proximit\u00e9 d&rsquo;\u00c9dimbourg, du jeudi 16 juillet 2026 en d\u00e9but d&rsquo;apr\u00e8s-midi au samedi 18 en fin de matin\u00e9e. Les repas et les logements sont pris en charge pendant toute la dur\u00e9e du mariage. Carberry Tower Musselburgh, EH21 8PY \u00c9cosse [&hellip;]<\/p>\n","protected":false},"author":1,"featured_media":0,"parent":0,"menu_order":0,"comment_status":"closed","ping_status":"closed","template":"page-full-width.php","meta":{"footnotes":"","_wp_rev_ctl_limit":""},"class_list":["post-1620","page","type-page","status-publish","hentry"],"_links":{"self":[{"href":"https:\/\/the-scottish-wedding.com\/pl\/wp-json\/wp\/v2\/pages\/1620","targetHints":{"allow":["GET"]}}],"collection":[{"href":"https:\/\/the-scottish-wedding.com\/pl\/wp-json\/wp\/v2\/pages"}],"about":[{"href":"https:\/\/the-scottish-wedding.com\/pl\/wp-json\/wp\/v2\/types\/page"}],"author":[{"embeddable":true,"href":"https:\/\/the-scottish-wedding.com\/pl\/wp-json\/wp\/v2\/users\/1"}],"replies":[{"embeddable":true,"href":"https:\/\/the-scottish-wedding.com\/pl\/wp-json\/wp\/v2\/comments?post=1620"}],"version-history":[{"count":15,"href":"https:\/\/the-scottish-wedding.com\/pl\/wp-json\/wp\/v2\/pages\/1620\/revisions"}],"predecessor-version":[{"id":14426,"href":"https:\/\/the-scottish-wedding.com\/pl\/wp-json\/wp\/v2\/pages\/1620\/revisions\/14426"}],"wp:attachment":[{"href":"https:\/\/the-scottish-wedding.com\/pl\/wp-json\/wp\/v2\/media?parent=1620"}],"curies":[{"name":"wp","href":"https:\/\/api.w.org\/{rel}","templated":true}]}}