{"id":9504,"date":"2025-11-01T19:56:33","date_gmt":"2025-11-01T18:56:33","guid":{"rendered":"https:\/\/the-scottish-wedding.com\/?page_id=9504"},"modified":"2026-01-29T21:34:05","modified_gmt":"2026-01-29T20:34:05","slug":"itineraire","status":"publish","type":"page","link":"https:\/\/the-scottish-wedding.com\/pl\/itineraire\/","title":{"rendered":"Przyjecha\u0107"},"content":{"rendered":"<div data-elementor-type=\"wp-page\" data-elementor-id=\"9504\" class=\"elementor elementor-9504\">\n\t\t\t\t<div class=\"elementor-element elementor-element-ed028e3 e-con-full e-flex e-con e-parent\" data-id=\"ed028e3\" data-element_type=\"container\" data-e-type=\"container\">\n\t\t<div class=\"elementor-element elementor-element-35f42e5 e-con-full e-flex e-con e-child\" data-id=\"35f42e5\" data-element_type=\"container\" data-e-type=\"container\">\n\t\t\t\t<div class=\"elementor-element elementor-element-7f3696c elementor-widget elementor-widget-bisou_core_custom_font\" data-id=\"7f3696c\" data-element_type=\"widget\" data-e-type=\"widget\" data-widget_type=\"bisou_core_custom_font.default\">\n\t\t\t\t<div class=\"elementor-widget-container\">\n\t\t\t\t\t<p class=\"qodef-shortcode qodef-m qodef-custom-font qodef-custom-font-402 qodef-layout--simple qodef--has-appear qodef-appear-duration--long\" style=\"text-align: center;font-size: 70px;line-height: 70px\">\n\t\t\t\t\t\t<span class=\"qodef--word\"><span class=\"qode--char\" style=\"--qode-i:0\">T<\/span><span class=\"qode--char\" style=\"--qode-i:1\">r<\/span><span class=\"qode--char\" style=\"--qode-i:2\">a<\/span><span class=\"qode--char\" style=\"--qode-i:3\">v<\/span><span class=\"qode--char\" style=\"--qode-i:4\">e<\/span><span class=\"qode--char\" style=\"--qode-i:5\">l<\/span><\/span> <span class=\"qodef--word\"><span class=\"qode--char\" style=\"--qode-i:6\">t<\/span><span class=\"qode--char\" style=\"--qode-i:7\">o<\/span><\/span> <span class=\"qodef--word\"><span class=\"qode--char\" style=\"--qode-i:8\">S<\/span><span class=\"qode--char\" style=\"--qode-i:9\">c<\/span><span class=\"qode--char\" style=\"--qode-i:10\">o<\/span><span class=\"qode--char\" style=\"--qode-i:11\">t<\/span><span class=\"qode--char\" style=\"--qode-i:12\">l<\/span><span class=\"qode--char\" style=\"--qode-i:13\">a<\/span><span class=\"qode--char\" style=\"--qode-i:14\">n<\/span><span class=\"qode--char\" style=\"--qode-i:15\">d<\/span><\/span>\t\t\t<\/p>\n\t\t\t\t<\/div>\n\t\t\t\t<\/div>\n\t\t\t\t<\/div>\n\t\t\t\t<\/div>\n\t\t<div class=\"elementor-element elementor-element-118c6e0 e-flex e-con-boxed e-con e-parent\" data-id=\"118c6e0\" data-element_type=\"container\" data-e-type=\"container\">\n\t\t\t\t\t<div class=\"e-con-inner\">\n\t\t\t\t<div class=\"elementor-element elementor-element-2ee4c6a elementor-widget elementor-widget-text-editor\" data-id=\"2ee4c6a\" data-element_type=\"widget\" data-e-type=\"widget\" data-no-translation=\"\" data-widget_type=\"text-editor.default\">\n\t\t\t\t\t<style>.elementor-element-2ee4c6a{display:none !important}<\/style>\t\t\t\t<\/div>\n\t\t\t\t<div class=\"elementor-element elementor-element-1f358a3 elementor-widget elementor-widget-text-editor\" data-id=\"1f358a3\" data-element_type=\"widget\" data-e-type=\"widget\" data-no-translation=\"\" data-widget_type=\"text-editor.default\">\n\t\t\t\t\t\t\t\t\t<h5 style=\"text-align: center;\">Aby uda\u0107 si\u0119 do Szkocji, b\u0119dziesz potrzebowa\u0107:<\/h5><h5 style=\"text-align: center;\"><strong>\u2705 Wa\u017cny paszport<\/strong><\/h5><h5 style=\"text-align: center;\">Po Brexicie potrzebujesz paszportu wa\u017cnego przez ca\u0142y okres pobytu. Je\u015bli Tw\u00f3j paszport wkr\u00f3tce traci wa\u017cno\u015b\u0107, pami\u0119taj, aby z odpowiednim wyprzedzeniem z\u0142o\u017cy\u0107 wniosek o nowy dokument. Szczeg\u00f3\u0142y znajdziesz w sekcji <a href=\"https:\/\/www.gov.pl\/web\/gov\/uzyskaj-paszport-usluga-dla-osoby-doroslej\" target=\"_blank\" rel=\"noopener\">\u201eJak uzyska\u0107 paszport\u201d<\/a> na stronie Gov.pl.<\/h5><h5 style=\"text-align: center;\"><strong>\u2705 Elektroniczne zezwolenie na podr\u00f3\u017c<\/strong><\/h5><h5 style=\"text-align: center;\">Aby podr\u00f3\u017cowa\u0107 do Wielkiej Brytanii, konieczne jest uzyskanie elektronicznego zezwolenia na podr\u00f3\u017c (ETA). Jest ono wa\u017cne przez dwa lata lub do wyga\u015bni\u0119cia paszportu i kosztuje 16 funt\u00f3w (mniej ni\u017c 80 pln). Mo\u017cna je uzyska\u0107 za po\u015brednictwem aplikacji ETA UK:<\/h5>\t\t\t\t\t\t\t\t<\/div>\n\t\t\t\t\t<\/div>\n\t\t\t\t<\/div>\n\t\t<div class=\"elementor-element elementor-element-b0e9efa e-con-full e-flex e-con e-parent\" data-id=\"b0e9efa\" data-element_type=\"container\" data-e-type=\"container\">\n\t\t<div class=\"elementor-element elementor-element-bd6d26b e-con-full e-flex e-con e-child\" data-id=\"bd6d26b\" data-element_type=\"container\" data-e-type=\"container\">\n\t\t<div class=\"elementor-element elementor-element-1c22102 e-con-full e-flex e-con e-child\" data-id=\"1c22102\" data-element_type=\"container\" data-e-type=\"container\">\n\t\t\t\t<div class=\"elementor-element elementor-element-22e719a elementor-widget elementor-widget-bisou_core_button\" data-id=\"22e719a\" data-element_type=\"widget\" data-e-type=\"widget\" data-widget_type=\"bisou_core_button.default\">\n\t\t\t\t<div class=\"elementor-widget-container\">\n\t\t\t\t\t<a class=\"qodef-shortcode qodef-m qodef-button qodef-layout--outlined qodef-html--link\" href=\"https:\/\/apps.apple.com\/us\/app\/uk-eta\/id6444912481\" target=\"_blank\" style=\"--qode-button-color: #316DA0;--qode-button-border-color: #316DA0;--qode-button-inner-border-color: #316DA0\">\n\t<span class=\"qodef-m-text\">App Store<\/span>\n<\/a>\n\t\t\t\t<\/div>\n\t\t\t\t<\/div>\n\t\t\t\t<div class=\"elementor-element elementor-element-4d29330 elementor-widget elementor-widget-bisou_core_button\" data-id=\"4d29330\" data-element_type=\"widget\" data-e-type=\"widget\" data-widget_type=\"bisou_core_button.default\">\n\t\t\t\t<div class=\"elementor-widget-container\">\n\t\t\t\t\t<a class=\"qodef-shortcode qodef-m qodef-button qodef-layout--outlined qodef-html--link\" href=\"https:\/\/play.google.com\/store\/apps\/details?id=uk.gov.HomeOffice.ho3\" target=\"_blank\" style=\"--qode-button-color: #316DA0;--qode-button-border-color: #316DA0;--qode-button-inner-border-color: #316DA0\">\n\t<span class=\"qodef-m-text\">Google Play<\/span>\n<\/a>\n\t\t\t\t<\/div>\n\t\t\t\t<\/div>\n\t\t\t\t<\/div>\n\t\t\t\t<\/div>\n\t\t\t\t<\/div>\n\t\t<div class=\"elementor-element elementor-element-2ed9326 e-con-full e-flex e-con e-parent\" data-id=\"2ed9326\" data-element_type=\"container\" data-e-type=\"container\">\n\t\t<div class=\"elementor-element elementor-element-1f8eb5d e-con-full e-flex e-con e-child\" data-id=\"1f8eb5d\" data-element_type=\"container\" data-e-type=\"container\">\n\t\t\t\t<div class=\"elementor-element elementor-element-c086dfe elementor-widget elementor-widget-bisou_core_custom_font\" data-id=\"c086dfe\" data-element_type=\"widget\" data-e-type=\"widget\" data-widget_type=\"bisou_core_custom_font.default\">\n\t\t\t\t<div class=\"elementor-widget-container\">\n\t\t\t\t\t<p class=\"qodef-shortcode qodef-m qodef-custom-font qodef-custom-font-894 qodef-layout--simple qodef--has-appear qodef-appear-duration--long\" style=\"text-align: center;font-size: 70px;line-height: 70px\">\n\t\t\t\t\t\t<span class=\"qodef--word\"><span class=\"qode--char\" style=\"--qode-i:0\">Y<\/span><span class=\"qode--char\" style=\"--qode-i:1\">o<\/span><span class=\"qode--char\" style=\"--qode-i:2\">u<\/span><span class=\"qode--char\" style=\"--qode-i:3\">r<\/span><\/span> <span class=\"qodef--word\"><span class=\"qode--char\" style=\"--qode-i:4\">w<\/span><span class=\"qode--char\" style=\"--qode-i:5\">a<\/span><span class=\"qode--char\" style=\"--qode-i:6\">y<\/span><\/span> <span class=\"qodef--word\"><span class=\"qode--char\" style=\"--qode-i:7\">t<\/span><span class=\"qode--char\" style=\"--qode-i:8\">o<\/span><\/span> <span class=\"qodef--word\"><span class=\"qode--char\" style=\"--qode-i:9\">C<\/span><span class=\"qode--char\" style=\"--qode-i:10\">a<\/span><span class=\"qode--char\" style=\"--qode-i:11\">r<\/span><span class=\"qode--char\" style=\"--qode-i:12\">b<\/span><span class=\"qode--char\" style=\"--qode-i:13\">e<\/span><span class=\"qode--char\" style=\"--qode-i:14\">r<\/span><span class=\"qode--char\" style=\"--qode-i:15\">r<\/span><span class=\"qode--char\" style=\"--qode-i:16\">y<\/span><\/span> <span class=\"qodef--word\"><span class=\"qode--char\" style=\"--qode-i:17\">T<\/span><span class=\"qode--char\" style=\"--qode-i:18\">o<\/span><span class=\"qode--char\" style=\"--qode-i:19\">w<\/span><span class=\"qode--char\" style=\"--qode-i:20\">e<\/span><span class=\"qode--char\" style=\"--qode-i:21\">r<\/span><\/span> <span class=\"qodef--word\"><span class=\"qode--char\" style=\"--qode-i:22\">M<\/span><span class=\"qode--char\" style=\"--qode-i:23\">a<\/span><span class=\"qode--char\" style=\"--qode-i:24\">n<\/span><span class=\"qode--char\" style=\"--qode-i:25\">s<\/span><span class=\"qode--char\" style=\"--qode-i:26\">i<\/span><span class=\"qode--char\" style=\"--qode-i:27\">o<\/span><span class=\"qode--char\" style=\"--qode-i:28\">n<\/span><\/span> <span class=\"qodef--word\"><span class=\"qode--char\" style=\"--qode-i:29\">H<\/span><span class=\"qode--char\" style=\"--qode-i:30\">o<\/span><span class=\"qode--char\" style=\"--qode-i:31\">u<\/span><span class=\"qode--char\" style=\"--qode-i:32\">s<\/span><span class=\"qode--char\" style=\"--qode-i:33\">e<\/span><\/span>\t\t\t<\/p>\n\t\t\t\t<\/div>\n\t\t\t\t<\/div>\n\t\t\t\t<\/div>\n\t\t\t\t<\/div>\n\t\t<div class=\"elementor-element elementor-element-6032a72 e-flex e-con-boxed e-con e-parent\" data-id=\"6032a72\" data-element_type=\"container\" data-e-type=\"container\">\n\t\t\t\t\t<div class=\"e-con-inner\">\n\t\t\t\t<div class=\"elementor-element elementor-element-661f9dc elementor-widget elementor-widget-text-editor\" data-id=\"661f9dc\" data-element_type=\"widget\" data-e-type=\"widget\" data-widget_type=\"text-editor.default\">\n\t\t\t\t\t\t\t\t\t<h5 style=\"text-align: center;\">F\u00e0ilte (witamy w j\u0119zyku szkockim gaelickim)! Miejsce jest dla nas zarezerwowane od czwartku 16 lipca w po\u0142udnie do soboty 18 lipca o godz. 11:00. Mo\u017cecie przyjecha\u0107 w czwartek wieczorem (recepcja jest czynna ca\u0142\u0105 dob\u0119), ale radzimy przyjecha\u0107 jak najwcze\u015bniej, aby\u015bcie mogli cieszy\u0107 si\u0119 pobytem razem z nami!<\/h5>\t\t\t\t\t\t\t\t<\/div>\n\t\t\t\t\t<\/div>\n\t\t\t\t<\/div>\n\t\t<div class=\"elementor-element elementor-element-1a39843 e-con-full e-flex e-con e-parent\" data-id=\"1a39843\" data-element_type=\"container\" data-e-type=\"container\">\n\t\t\t\t<div class=\"elementor-element elementor-element-134a5ee elementor-widget__width-auto elementor-widget elementor-widget-bisou_core_custom_font\" data-id=\"134a5ee\" data-element_type=\"widget\" data-e-type=\"widget\" data-widget_type=\"bisou_core_custom_font.default\">\n\t\t\t\t<div class=\"elementor-widget-container\">\n\t\t\t\t\t<p class=\"qodef-shortcode qodef-m qodef-custom-font qodef-custom-font-360 qodef-layout--simple qodef--has-appear qodef-appear-duration--quick\" style=\"text-align: inherit;font-family: Lato;font-size: 20px;line-height: 24px;letter-spacing: 1px;font-weight: 400\">\n\t\t\t\t\t\t<span class=\"qodef--word\"><span class=\"qode--char\" style=\"--qode-i:0\">C<\/span><span class=\"qode--char\" style=\"--qode-i:1\">a<\/span><span class=\"qode--char\" style=\"--qode-i:2\">r<\/span><span class=\"qode--char\" style=\"--qode-i:3\">b<\/span><span class=\"qode--char\" style=\"--qode-i:4\">e<\/span><span class=\"qode--char\" style=\"--qode-i:5\">r<\/span><span class=\"qode--char\" style=\"--qode-i:6\">r<\/span><span class=\"qode--char\" style=\"--qode-i:7\">y<\/span><\/span> <span class=\"qodef--word\"><span class=\"qode--char\" style=\"--qode-i:8\">T<\/span><span class=\"qode--char\" style=\"--qode-i:9\">o<\/span><span class=\"qode--char\" style=\"--qode-i:10\">w<\/span><span class=\"qode--char\" style=\"--qode-i:11\">e<\/span><span class=\"qode--char\" style=\"--qode-i:12\">r<\/span><\/span>\t\t\t<\/p>\n\t\t\t\t<\/div>\n\t\t\t\t<\/div>\n\t\t\t\t<div class=\"elementor-element elementor-element-1e2a4a2 elementor-widget__width-auto elementor-hidden-mobile elementor-widget elementor-widget-html\" data-id=\"1e2a4a2\" data-element_type=\"widget\" data-e-type=\"widget\" data-widget_type=\"html.default\">\n\t\t\t\t\t<span class=\"qodef-custom-dot\"><\/span>\t\t\t\t<\/div>\n\t\t\t\t<div class=\"elementor-element elementor-element-04c1301 elementor-widget__width-auto elementor-widget elementor-widget-bisou_core_custom_font\" data-id=\"04c1301\" data-element_type=\"widget\" data-e-type=\"widget\" data-widget_type=\"bisou_core_custom_font.default\">\n\t\t\t\t<div class=\"elementor-widget-container\">\n\t\t\t\t\t<p class=\"qodef-shortcode qodef-m qodef-custom-font qodef-custom-font-259 qodef-layout--simple qodef--has-appear qodef-appear-duration--quick\" style=\"text-align: inherit;font-family: Lato;font-size: 20px;line-height: 24px;letter-spacing: 1px;font-weight: 400\">\n\t\t\t\t\t\t<span class=\"qodef--word\"><span class=\"qode--char\" style=\"--qode-i:0\">M<\/span><span class=\"qode--char\" style=\"--qode-i:1\">u<\/span><span class=\"qode--char\" style=\"--qode-i:2\">s<\/span><span class=\"qode--char\" style=\"--qode-i:3\">s<\/span><span class=\"qode--char\" style=\"--qode-i:4\">e<\/span><span class=\"qode--char\" style=\"--qode-i:5\">l<\/span><span class=\"qode--char\" style=\"--qode-i:6\">b<\/span><span class=\"qode--char\" style=\"--qode-i:7\">u<\/span><span class=\"qode--char\" style=\"--qode-i:8\">r<\/span><span class=\"qode--char\" style=\"--qode-i:9\">g<\/span><span class=\"qode--char\" style=\"--qode-i:10\">h<\/span><span class=\"qode--char\" style=\"--qode-i:11\">,<\/span><\/span> <span class=\"qodef--word\"><span class=\"qode--char\" style=\"--qode-i:12\">E<\/span><span class=\"qode--char\" style=\"--qode-i:13\">H<\/span><span class=\"qode--char\" style=\"--qode-i:14\">2<\/span><span class=\"qode--char\" style=\"--qode-i:15\">1<\/span><\/span> <span class=\"qodef--word\"><span class=\"qode--char\" style=\"--qode-i:16\">8<\/span><span class=\"qode--char\" style=\"--qode-i:17\">P<\/span><span class=\"qode--char\" style=\"--qode-i:18\">Y<\/span><\/span>\t\t\t<\/p>\n\t\t\t\t<\/div>\n\t\t\t\t<\/div>\n\t\t\t\t<div class=\"elementor-element elementor-element-84c9b53 elementor-widget__width-auto elementor-hidden-mobile elementor-widget elementor-widget-html\" data-id=\"84c9b53\" data-element_type=\"widget\" data-e-type=\"widget\" data-widget_type=\"html.default\">\n\t\t\t\t\t<span class=\"qodef-custom-dot\"><\/span>\t\t\t\t<\/div>\n\t\t\t\t<div class=\"elementor-element elementor-element-15b8512 elementor-widget__width-auto elementor-widget elementor-widget-bisou_core_custom_font\" data-id=\"15b8512\" data-element_type=\"widget\" data-e-type=\"widget\" data-widget_type=\"bisou_core_custom_font.default\">\n\t\t\t\t<div class=\"elementor-widget-container\">\n\t\t\t\t\t<p class=\"qodef-shortcode qodef-m qodef-custom-font qodef-custom-font-822 qodef-layout--simple qodef--has-appear qodef-appear-duration--quick\" style=\"text-align: inherit;font-family: Lato;font-size: 20px;line-height: 24px;letter-spacing: 1px;font-weight: 400\">\n\t\t\t\t\t\t<span class=\"qodef--word\"><span class=\"qode--char\" style=\"--qode-i:0\">\u00c9<\/span><span class=\"qode--char\" style=\"--qode-i:1\">c<\/span><span class=\"qode--char\" style=\"--qode-i:2\">o<\/span><span class=\"qode--char\" style=\"--qode-i:3\">s<\/span><span class=\"qode--char\" style=\"--qode-i:4\">s<\/span><span class=\"qode--char\" style=\"--qode-i:5\">e<\/span><\/span>\t\t\t<\/p>\n\t\t\t\t<\/div>\n\t\t\t\t<\/div>\n\t\t\t\t<\/div>\n\t\t<div class=\"elementor-element elementor-element-89d72ca e-con-full e-flex e-con e-parent\" data-id=\"89d72ca\" data-element_type=\"container\" data-e-type=\"container\" data-no-translation=\"\">\n\t\t<div class=\"elementor-element elementor-element-b9bf27d e-con-full e-flex e-con e-child\" data-id=\"b9bf27d\" data-element_type=\"container\" data-e-type=\"container\">\n\t\t<div class=\"elementor-element elementor-element-7f2663c e-con-full qodef-elementor-content-grid e-flex e-con e-child\" data-id=\"7f2663c\" data-element_type=\"container\" data-e-type=\"container\">\n\t\t<div class=\"elementor-element elementor-element-d810e9d e-con-full e-flex e-con e-child\" data-id=\"d810e9d\" data-element_type=\"container\" data-e-type=\"container\" data-settings=\"{&quot;background_background&quot;:&quot;classic&quot;}\">\n\t\t\t\t<\/div>\n\t\t<div class=\"elementor-element elementor-element-7c3d5ea e-con-full e-flex e-con e-child\" data-id=\"7c3d5ea\" data-element_type=\"container\" data-e-type=\"container\" data-settings=\"{&quot;background_background&quot;:&quot;classic&quot;}\">\n\t\t\t\t<div class=\"elementor-element elementor-element-4d3cab5 elementor-widget elementor-widget-bisou_core_pricing_table\" data-id=\"4d3cab5\" data-element_type=\"widget\" data-e-type=\"widget\" data-widget_type=\"bisou_core_pricing_table.default\">\n\t\t\t\t<div class=\"elementor-widget-container\">\n\t\t\t\t\t<div class=\"qodef-shortcode qodef-m nolink qodef-pricing-table qodef-layout--standard qodef-status--featured qodef-featured-table-disabled-on--1200\" style=\"background-color: #F6F7F9\">\n\t<div class=\"qodef-m-inner\">\n\t\t\t<div class=\"qodef-m-title\">\n\t\t<p >Samolot \u2708\ufe0f<\/p>\n\t<\/div>\n\t\t\t<div class=\"qodef-m-price\">\n\t\t<div class=\"qodef-m-price-wrapper qodef-h1\" >\n\t\t\t\t\t\t<span class=\"qodef-m-price-value\">10<\/span>\n\t\t\t\t\t\t\t<div class=\"qodef-m-period\">\n\t\t\t\t\t<span>kg CO2<\/span>\n\t\t\t\t<\/div>\n\t\t\t\t\t<\/div>\n\t<\/div>\n\t\t<span class=\"qodef-m-price-separator\"><\/span>\n\n\t\t\t<div class=\"qodef-m-content\"><p><strong>Wyjazd z Warszawy<\/strong><\/p><div data-contents=\"true\"><div class=\"\" data-block=\"true\" data-editor=\"94la9\" data-offset-key=\"bcosf-0-0\"><div class=\"public-DraftStyleDefault-block public-DraftStyleDefault-ltr\" data-offset-key=\"bcosf-0-0\"><span data-offset-key=\"bcosf-0-0\">1\u20e3<\/span><\/div><\/div><\/div><p>Lot do Edynburga (5-7 godzin)<\/p><div data-contents=\"true\"><div class=\"\" data-block=\"true\" data-editor=\"94la9\" data-offset-key=\"bcosf-0-0\"><div class=\"public-DraftStyleDefault-block public-DraftStyleDefault-ltr\" data-offset-key=\"bcosf-0-0\"><span data-offset-key=\"bcosf-1-0\">2\u20e3<\/span><\/div><\/div><\/div><p>Taks\u00f3wka\/uber\/bolt do Carberry Tower (30 min)<\/p><p><em>albo<\/em><\/p><p>Autobus 100 do Shandwick Place (20 min)<\/p><p>Autobus X4 do St Clements Wells (30 min)<\/p><p>Bezp\u0142atny transport do Carberry Tower (10 min)<\/p><\/div>\n\t\t\t<div class=\"qodef-m-button clear\">\n\t\t<a class=\"qodef-shortcode qodef-m qodef-button qodef-layout--textual qodef-html--link\" href=\"\" target=\"_self\" style=\"--qode-button-color: #316DA0\">\t<span class=\"qodef-m-text\">9 godzin transportu<\/span><\/a>\t<\/div>\n\t<\/div>\n<\/div>\n\t\t\t\t<\/div>\n\t\t\t\t<\/div>\n\t\t\t\t<\/div>\n\t\t<div class=\"elementor-element elementor-element-61632cb e-con-full e-flex e-con e-child\" data-id=\"61632cb\" data-element_type=\"container\" data-e-type=\"container\" data-settings=\"{&quot;background_background&quot;:&quot;classic&quot;}\">\n\t\t\t\t<\/div>\n\t\t\t\t<\/div>\n\t\t\t\t<\/div>\n\t\t\t\t<\/div>\n\t\t<div class=\"elementor-element elementor-element-2dd00df e-con-full e-flex e-con e-parent\" data-id=\"2dd00df\" data-element_type=\"container\" data-e-type=\"container\">\n\t\t\t\t<div class=\"elementor-element elementor-element-e99aecf elementor-widget elementor-widget-google_maps\" data-id=\"e99aecf\" data-element_type=\"widget\" data-e-type=\"widget\" data-widget_type=\"google_maps.default\">\n\t\t\t\t\t\t\t<div class=\"elementor-custom-embed\">\n\t\t\t<iframe loading=\"lazy\"\n\t\t\t\t\tsrc=\"https:\/\/maps.google.com\/maps?q=Carberry%20Tower%20Mansion%20House%2C%20Carberry%20Tower%20Estate%2C%20Musselburgh%20EH21%208PY%2C%20Royaume-Uni&#038;t=m&#038;z=10&#038;output=embed&#038;iwloc=near\"\n\t\t\t\t\ttitle=\"Carberry Tower Mansion House, Carberry Tower Estate, Musselburgh EH21 8PY, Wielka Brytania\"\n\t\t\t\t\taria-label=\"Carberry Tower Mansion House, Carberry Tower Estate, Musselburgh EH21 8PY, Wielka Brytania\"\n\t\t\t><\/iframe>\n\t\t<\/div>\n\t\t\t\t\t\t<\/div>\n\t\t\t\t<\/div>\n\t\t\t\t<\/div>","protected":false},"excerpt":{"rendered":"<p>Travel to Scotland Pour vous rendre en \u00c9cosse, vous aurez besoin : \u2705 D&rsquo;un passeport en cours de validit\u00e9 Depuis le Brexit, vous devez imp\u00e9rativement poss\u00e9der un passeport dont la dur\u00e9e de validit\u00e9 couvre toute\u00a0la dur\u00e9e de votre s\u00e9jour. Si besoin, pensez \u00e0 faire votre pr\u00e9-demande de renouvellement en amont. \u2705 D&rsquo;une autorisation \u00e9lectronique de [&hellip;]<\/p>\n","protected":false},"author":1,"featured_media":0,"parent":0,"menu_order":0,"comment_status":"closed","ping_status":"closed","template":"page-full-width.php","meta":{"footnotes":"","_wp_rev_ctl_limit":""},"class_list":["post-9504","page","type-page","status-publish","hentry"],"_links":{"self":[{"href":"https:\/\/the-scottish-wedding.com\/pl\/wp-json\/wp\/v2\/pages\/9504","targetHints":{"allow":["GET"]}}],"collection":[{"href":"https:\/\/the-scottish-wedding.com\/pl\/wp-json\/wp\/v2\/pages"}],"about":[{"href":"https:\/\/the-scottish-wedding.com\/pl\/wp-json\/wp\/v2\/types\/page"}],"author":[{"embeddable":true,"href":"https:\/\/the-scottish-wedding.com\/pl\/wp-json\/wp\/v2\/users\/1"}],"replies":[{"embeddable":true,"href":"https:\/\/the-scottish-wedding.com\/pl\/wp-json\/wp\/v2\/comments?post=9504"}],"version-history":[{"count":15,"href":"https:\/\/the-scottish-wedding.com\/pl\/wp-json\/wp\/v2\/pages\/9504\/revisions"}],"predecessor-version":[{"id":15304,"href":"https:\/\/the-scottish-wedding.com\/pl\/wp-json\/wp\/v2\/pages\/9504\/revisions\/15304"}],"wp:attachment":[{"href":"https:\/\/the-scottish-wedding.com\/pl\/wp-json\/wp\/v2\/media?parent=9504"}],"curies":[{"name":"wp","href":"https:\/\/api.w.org\/{rel}","templated":true}]}}