{"id":9690,"date":"2025-11-02T01:07:36","date_gmt":"2025-11-02T00:07:36","guid":{"rendered":"https:\/\/the-scottish-wedding.com\/?page_id=9690"},"modified":"2026-02-01T23:41:14","modified_gmt":"2026-02-01T22:41:14","slug":"le-mariage","status":"publish","type":"page","link":"https:\/\/the-scottish-wedding.com\/pl\/le-mariage\/","title":{"rendered":"\u015alub"},"content":{"rendered":"<div data-elementor-type=\"wp-page\" data-elementor-id=\"9690\" class=\"elementor elementor-9690\">\n\t\t\t\t<div class=\"elementor-element elementor-element-b11a220 e-con-full e-flex e-con e-parent\" data-id=\"b11a220\" data-element_type=\"container\" data-e-type=\"container\">\n\t\t<div class=\"elementor-element elementor-element-9c089b0 e-con-full e-flex e-con e-child\" data-id=\"9c089b0\" data-element_type=\"container\" data-e-type=\"container\">\n\t\t\t\t<div class=\"elementor-element elementor-element-e9d8c1a elementor-widget elementor-widget-bisou_core_custom_font\" data-id=\"e9d8c1a\" data-element_type=\"widget\" data-e-type=\"widget\" data-widget_type=\"bisou_core_custom_font.default\">\n\t\t\t\t<div class=\"elementor-widget-container\">\n\t\t\t\t\t<p class=\"qodef-shortcode qodef-m qodef-custom-font qodef-custom-font-457 qodef-layout--simple qodef--has-appear qodef-appear-duration--long\" style=\"text-align: center;font-size: 70px;line-height: 70px\">\n\t\t\t\t\t\t<span class=\"qodef--word\"><span class=\"qode--char\" style=\"--qode-i:0\">A<\/span><span class=\"qode--char\" style=\"--qode-i:1\">t<\/span><\/span> <span class=\"qodef--word\"><span class=\"qode--char\" style=\"--qode-i:2\">l<\/span><span class=\"qode--char\" style=\"--qode-i:3\">a<\/span><span class=\"qode--char\" style=\"--qode-i:4\">s<\/span><span class=\"qode--char\" style=\"--qode-i:5\">t<\/span><span class=\"qode--char\" style=\"--qode-i:6\">,<\/span><\/span> <span class=\"qodef--word\"><span class=\"qode--char\" style=\"--qode-i:7\">t<\/span><span class=\"qode--char\" style=\"--qode-i:8\">h<\/span><span class=\"qode--char\" style=\"--qode-i:9\">e<\/span><span class=\"qode--char\" style=\"--qode-i:10\">y<\/span><\/span> <span class=\"qodef--word\"><span class=\"qode--char\" style=\"--qode-i:11\">a<\/span><span class=\"qode--char\" style=\"--qode-i:12\">r<\/span><span class=\"qode--char\" style=\"--qode-i:13\">e<\/span><\/span> <span class=\"qodef--word\"><span class=\"qode--char\" style=\"--qode-i:14\">g<\/span><span class=\"qode--char\" style=\"--qode-i:15\">e<\/span><span class=\"qode--char\" style=\"--qode-i:16\">t<\/span><span class=\"qode--char\" style=\"--qode-i:17\">t<\/span><span class=\"qode--char\" style=\"--qode-i:18\">i<\/span><span class=\"qode--char\" style=\"--qode-i:19\">n<\/span><span class=\"qode--char\" style=\"--qode-i:20\">g<\/span><\/span> <span class=\"qodef--word\"><span class=\"qode--char\" style=\"--qode-i:21\">m<\/span><span class=\"qode--char\" style=\"--qode-i:22\">a<\/span><span class=\"qode--char\" style=\"--qode-i:23\">r<\/span><span class=\"qode--char\" style=\"--qode-i:24\">r<\/span><span class=\"qode--char\" style=\"--qode-i:25\">i<\/span><span class=\"qode--char\" style=\"--qode-i:26\">e<\/span><span class=\"qode--char\" style=\"--qode-i:27\">d<\/span><span class=\"qode--char\" style=\"--qode-i:28\">!<\/span><\/span>\t\t\t<\/p>\n\t\t\t\t<\/div>\n\t\t\t\t<\/div>\n\t\t\t\t<\/div>\n\t\t\t\t<\/div>\n\t\t<div class=\"elementor-element elementor-element-626b25d e-flex e-con-boxed e-con e-parent\" data-id=\"626b25d\" data-element_type=\"container\" data-e-type=\"container\">\n\t\t\t\t\t<div class=\"e-con-inner\">\n\t\t\t\t<div class=\"elementor-element elementor-element-99ff061 elementor-widget elementor-widget-text-editor\" data-id=\"99ff061\" data-element_type=\"widget\" data-e-type=\"widget\" data-widget_type=\"text-editor.default\">\n\t\t\t\t\t\t\t\t\t<h5 style=\"text-align: center;\">Z niecierpliwo\u015bci\u0105 czekamy na Was w czwartek, 16 lipca 2026 roku, od godziny 12:00!<\/h5><h5 style=\"text-align: center;\">Posi\u0142ki oraz noclegi s\u0105 zapewnione przez ca\u0142y czas trwania uroczysto\u015bci. W razie pyta\u0144 dotycz\u0105cych dress code\u2019u, obecno\u015bci dzieci lub innych kwestii organizacyjnych, zapraszamy do sekcji <a href=\"https:\/\/the-scottish-wedding.com\/pl\/faq\/\">FAQ<\/a>.<\/h5><h5 style=\"text-align: center;\">Time to Tie the Knot!<\/h5>\t\t\t\t\t\t\t\t<\/div>\n\t\t\t\t\t<\/div>\n\t\t\t\t<\/div>\n\t\t<div class=\"elementor-element elementor-element-8a60180 e-con-full e-flex e-con e-parent\" data-id=\"8a60180\" data-element_type=\"container\" data-e-type=\"container\" data-settings=\"{&quot;background_background&quot;:&quot;classic&quot;}\">\n\t\t<div class=\"elementor-element elementor-element-84925fa e-con-full e-flex e-con e-child\" data-id=\"84925fa\" data-element_type=\"container\" data-e-type=\"container\">\n\t\t<div class=\"elementor-element elementor-element-fc4d6ed e-con-full qodef-elementor-content-grid e-flex e-con e-child\" data-id=\"fc4d6ed\" data-element_type=\"container\" data-e-type=\"container\">\n\t\t<div class=\"elementor-element elementor-element-ac41660 e-flex e-con-boxed e-con e-child\" data-id=\"ac41660\" data-element_type=\"container\" data-e-type=\"container\" data-settings=\"{&quot;background_background&quot;:&quot;classic&quot;}\">\n\t\t\t\t\t<div class=\"e-con-inner\">\n\t\t\t\t<div class=\"elementor-element elementor-element-1a06afa elementor-widget elementor-widget-bisou_core_pricing_table\" data-id=\"1a06afa\" data-element_type=\"widget\" data-e-type=\"widget\" data-widget_type=\"bisou_core_pricing_table.default\">\n\t\t\t\t<div class=\"elementor-widget-container\">\n\t\t\t\t\t<div class=\"qodef-shortcode qodef-m nolink qodef-pricing-table qodef-layout--standard qodef-status--regular\" style=\"background-color: #F6F7F9\">\n\t<div class=\"qodef-m-inner\">\n\t\t\t<div class=\"qodef-m-title\">\n\t\t<p >Get together \ud83e\udd42<\/p>\n\t<\/div>\n\t\t\t<div class=\"qodef-m-price\">\n\t\t<div class=\"qodef-m-price-wrapper qodef-h1\" >\n\t\t\t\t\t\t<span class=\"qodef-m-price-value\">Czwartek 16<\/span>\n\t\t\t\t\t<\/div>\n\t<\/div>\n\t\t<span class=\"qodef-m-price-separator\"><\/span>\n\n\t\t\t<div class=\"qodef-m-content\"><p><strong>12h<\/strong><br \/><em><strong>Otwarcie miejsca wesela<br \/><\/strong><\/em>Zapraszamy do Carberry od godziny 12:00.<\/p><p><span style=\"color: #73a7d4;\"><strong>\u00b7<\/strong><\/span><\/p><p><strong>15h<\/strong><br \/><em><strong>Dost\u0119p do pokoi<\/strong><\/em><br \/>Przygotuj si\u0119 na sp\u0119dzenie nast\u0119pnych dw\u00f3ch nocy.<\/p><p><span style=\"color: #73a7d4;\"><strong>\u00b7<\/strong><\/span><\/p><p><strong>19h<\/strong><br \/><em><strong>Kolacja<br \/><\/strong><\/em>Zapewniony jest posi\u0142ek w zamku.<\/p><\/div>\n\t\t\t<div class=\"qodef-m-button clear\">\n\t\t<a class=\"qodef-shortcode qodef-m qodef-button qodef-layout--textual qodef-html--link\" href=\"\" target=\"_self\" style=\"--qode-button-color: #316DA0\">\t<span class=\"qodef-m-text\">Nocleg na miejscu<\/span><\/a>\t<\/div>\n\t<\/div>\n<\/div>\n\t\t\t\t<\/div>\n\t\t\t\t<\/div>\n\t\t\t\t\t<\/div>\n\t\t\t\t<\/div>\n\t\t<div class=\"elementor-element elementor-element-736ec95 e-flex e-con-boxed e-con e-child\" data-id=\"736ec95\" data-element_type=\"container\" data-e-type=\"container\" data-settings=\"{&quot;background_background&quot;:&quot;classic&quot;}\">\n\t\t\t\t\t<div class=\"e-con-inner\">\n\t\t\t\t<div class=\"elementor-element elementor-element-af0b11e elementor-widget elementor-widget-bisou_core_pricing_table\" data-id=\"af0b11e\" data-element_type=\"widget\" data-e-type=\"widget\" data-widget_type=\"bisou_core_pricing_table.default\">\n\t\t\t\t<div class=\"elementor-widget-container\">\n\t\t\t\t\t<div class=\"qodef-shortcode qodef-m nolink qodef-pricing-table qodef-layout--standard qodef-status--featured qodef-featured-table-disabled-on--1200\" style=\"background-color: #F6F7F9\">\n\t<div class=\"qodef-m-inner\">\n\t\t\t<div class=\"qodef-m-title\">\n\t\t<p >Wedding day \ud83d\udc8d<\/p>\n\t<\/div>\n\t\t\t<div class=\"qodef-m-price\">\n\t\t<div class=\"qodef-m-price-wrapper qodef-h1\" >\n\t\t\t\t\t\t<span class=\"qodef-m-price-value\">Pi\u0105tek 17<\/span>\n\t\t\t\t\t<\/div>\n\t<\/div>\n\t\t<span class=\"qodef-m-price-separator\"><\/span>\n\n\t\t\t<div class=\"qodef-m-content\"><p><strong>8h30<br \/><\/strong><em><strong>Bieganie z pann\u0105 m\u0142od\u0105<br \/><\/strong><\/em>Poranna wycieczka po posiad\u0142o\u015bci (dla zmotywowanych).<\/p><p><span style=\"color: #73a7d4;\"><strong>\u00b7<\/strong><\/span><\/p><p><strong>7h30 - 10h<\/strong><br \/><em><strong>Scottish breakfast<br \/><\/strong><\/em>Szkockie \u015bniadanie w zamku.<\/p><p><span style=\"color: #73a7d4;\"><strong>\u00b7<\/strong><\/span><\/p><p><strong>14h<\/strong><br \/><em><strong>Ceremonia \u015blubna<\/strong><\/em> \ud83d\udc95<em><strong><br \/><\/strong><\/em>\u015awi\u0119tujmy razem nasz\u0105 mi\u0142o\u015b\u0107.<\/p><p><span style=\"color: #73a7d4;\"><strong>\u00b7<\/strong><\/span><\/p><p><strong>14h30<\/strong><br \/><em><strong>Koktajl<\/strong><\/em><br \/>Czas na \u015bwi\u0119towanie \u2013 wznosimy toast wszyscy razem!<\/p><p><span style=\"color: #73a7d4;\"><strong>\u00b7<\/strong><\/span><\/p><p><strong>17h<\/strong><br \/><em><strong>Wedding \"breakfast\"<\/strong><\/em><br \/>Kolacja \u2013 pierwszy posi\u0142ek jako ma\u0142\u017ce\u0144stwo.<\/p><p><span style=\"color: #73a7d4;\"><strong>\u00b7<\/strong><\/span><\/p><p><strong>20h<\/strong><br \/><em><strong>Let's dance!<\/strong><\/em><br \/>C\u00e8ilidh i DJ set, \u017ceby rozgrza\u0107 parkiet do czerwono\u015bci<\/p><p><span style=\"color: #73a7d4;\"><strong>\u00b7<\/strong><\/span><\/p><p><strong>22h<\/strong><br \/><em><strong>Evening buffet<\/strong><\/em><br \/>\u017beby odzyska\u0107 si\u0142y w trakcie wieczoru.<\/p><p><span style=\"color: #73a7d4;\"><strong>\u00b7<\/strong><\/span><\/p><p><strong>1h<\/strong><br \/><strong><em>Nightcap<\/em><\/strong><br \/>Ostatni drink w Boar Hall Bar &amp; Lounge na zamku.<\/p><\/div>\n\t\t\t<div class=\"qodef-m-button clear\">\n\t\t<a class=\"qodef-shortcode qodef-m qodef-button qodef-layout--textual qodef-html--link\" href=\"https:\/\/the-scottish-wedding.com\/pl\/le-mariage\/\" target=\"_self\" style=\"--qode-button-color: #316DA0\">\t<span class=\"qodef-m-text\">Nocleg na miejscu<\/span><\/a>\t<\/div>\n\t<\/div>\n<\/div>\n\t\t\t\t<\/div>\n\t\t\t\t<\/div>\n\t\t\t\t\t<\/div>\n\t\t\t\t<\/div>\n\t\t<div class=\"elementor-element elementor-element-c25313d e-flex e-con-boxed e-con e-child\" data-id=\"c25313d\" data-element_type=\"container\" data-e-type=\"container\" data-settings=\"{&quot;background_background&quot;:&quot;classic&quot;}\">\n\t\t\t\t\t<div class=\"e-con-inner\">\n\t\t\t\t<div class=\"elementor-element elementor-element-1bbaf3a elementor-widget elementor-widget-bisou_core_pricing_table\" data-id=\"1bbaf3a\" data-element_type=\"widget\" data-e-type=\"widget\" data-widget_type=\"bisou_core_pricing_table.default\">\n\t\t\t\t<div class=\"elementor-widget-container\">\n\t\t\t\t\t<div class=\"qodef-shortcode qodef-m qodef-pricing-table qodef-layout--standard qodef-status--regular\" style=\"background-color: #F6F7F9\">\n\t<div class=\"qodef-m-inner\">\n\t\t\t<div class=\"qodef-m-title\">\n\t\t<p >Thank you \ud83d\udc96<\/p>\n\t<\/div>\n\t\t\t<div class=\"qodef-m-price\">\n\t\t<div class=\"qodef-m-price-wrapper qodef-h1\" >\n\t\t\t\t\t\t<span class=\"qodef-m-price-value\">Sobota 18<\/span>\n\t\t\t\t\t<\/div>\n\t<\/div>\n\t\t<span class=\"qodef-m-price-separator\"><\/span>\n\n\t\t\t<div class=\"qodef-m-content\"><p><strong>7h30 - 10h<\/strong><br \/><em><strong>Scottish breakfast<\/strong><\/em><br \/>Szkockie \u015bniadanie w zamku.<\/p><p><span style=\"color: #73a7d4;\"><strong>\u00b7<\/strong><\/span><\/p><p><strong>11h<\/strong><br \/><em><strong>Check-out<\/strong> <\/em><br \/>Bye bye Carberry!<\/p><p><span style=\"color: #73a7d4;\"><strong>\u00b7<\/strong><\/span><\/p><p><em><strong>Dzi\u0119kujemy wszystkim za wsp\u00f3lne prze\u017cycie tego wyj\u0105tkowego momentu!<\/strong><\/em><\/p><\/div>\n\t\t\t<div class=\"qodef-m-button clear\">\n\t\t<a class=\"qodef-shortcode qodef-m qodef-button qodef-layout--outlined qodef-html--link\" href=\"https:\/\/the-scottish-wedding.com\/pl\/et-apres\/\" target=\"_self\" style=\"--qode-button-color: #316DA0;--qode-button-border-color: #316DA0;--qode-button-inner-border-color: #316DA0\">\t<span class=\"qodef-m-text\">A potem ?<\/span><\/a>\t<\/div>\n\t<\/div>\n<\/div>\n\t\t\t\t<\/div>\n\t\t\t\t<\/div>\n\t\t\t\t\t<\/div>\n\t\t\t\t<\/div>\n\t\t\t\t<\/div>\n\t\t\t\t<\/div>\n\t\t\t\t<\/div>\n\t\t\t\t<\/div>","protected":false},"excerpt":{"rendered":"<p>At last, they are getting married! Nous vous attendons avec impatience le jeudi 16 juillet 2026 \u00e0 partir de midi ! Les repas et les logements sont pris en charge pendant toute la dur\u00e9e du mariage. Pour toute question au sujet du dress code, de l&rsquo;accueil des enfants, etc. rendez-vous sur la FAQ. Time to [&hellip;]<\/p>\n","protected":false},"author":1,"featured_media":0,"parent":0,"menu_order":0,"comment_status":"closed","ping_status":"closed","template":"page-full-width.php","meta":{"footnotes":"","_wp_rev_ctl_limit":""},"class_list":["post-9690","page","type-page","status-publish","hentry"],"_links":{"self":[{"href":"https:\/\/the-scottish-wedding.com\/pl\/wp-json\/wp\/v2\/pages\/9690","targetHints":{"allow":["GET"]}}],"collection":[{"href":"https:\/\/the-scottish-wedding.com\/pl\/wp-json\/wp\/v2\/pages"}],"about":[{"href":"https:\/\/the-scottish-wedding.com\/pl\/wp-json\/wp\/v2\/types\/page"}],"author":[{"embeddable":true,"href":"https:\/\/the-scottish-wedding.com\/pl\/wp-json\/wp\/v2\/users\/1"}],"replies":[{"embeddable":true,"href":"https:\/\/the-scottish-wedding.com\/pl\/wp-json\/wp\/v2\/comments?post=9690"}],"version-history":[{"count":15,"href":"https:\/\/the-scottish-wedding.com\/pl\/wp-json\/wp\/v2\/pages\/9690\/revisions"}],"predecessor-version":[{"id":15361,"href":"https:\/\/the-scottish-wedding.com\/pl\/wp-json\/wp\/v2\/pages\/9690\/revisions\/15361"}],"wp:attachment":[{"href":"https:\/\/the-scottish-wedding.com\/pl\/wp-json\/wp\/v2\/media?parent=9690"}],"curies":[{"name":"wp","href":"https:\/\/api.w.org\/{rel}","templated":true}]}}