{"id":13124,"date":"2025-12-31T01:29:58","date_gmt":"2025-12-31T00:29:58","guid":{"rendered":"https:\/\/the-scottish-wedding.com\/?post_type=product&#038;p=13124"},"modified":"2026-01-22T12:27:57","modified_gmt":"2026-01-22T11:27:57","slug":"voyage-de-noces","status":"publish","type":"product","link":"https:\/\/the-scottish-wedding.com\/pl\/cagnotte\/voyage-de-noces\/","title":{"rendered":"Podr\u00f3z poslubna"},"content":{"rendered":"","protected":false},"excerpt":{"rendered":"<p>Na nasz miesi\u0105c miodowy marzymy o tym, by zobaczy\u0107 zorz\u0119 polarn\u0105 (to od zawsze wielkie marzenie Panny M\u0142odej)! A co wi\u0119cej \u2014 ten wyjazd by\u0142by tak\u017ce okazj\u0105, by przemierzy\u0107 Europ\u0119 poci\u0105giem: z Pary\u017ca do Skandynawii. Stamt\u0105d Arctic Circle Train pozwala w jedn\u0105 noc dotrze\u0107 a\u017c do Narviku i na wyspy Lofoty\u2026 Zapowiada si\u0119 niezapomniana, pe\u0142na zachwytu przygoda \u2728<\/p>","protected":false},"featured_media":13898,"template":"","meta":[],"product_brand":[],"product_cat":[114],"product_tag":[],"class_list":{"0":"post-13124","1":"product","2":"type-product","3":"status-publish","4":"has-post-thumbnail","6":"product_cat-non-classe","8":"first","9":"instock","10":"virtual","11":"purchasable","12":"product-type-simple","13":"cpw-product"},"_links":{"self":[{"href":"https:\/\/the-scottish-wedding.com\/pl\/wp-json\/wp\/v2\/product\/13124","targetHints":{"allow":["GET"]}}],"collection":[{"href":"https:\/\/the-scottish-wedding.com\/pl\/wp-json\/wp\/v2\/product"}],"about":[{"href":"https:\/\/the-scottish-wedding.com\/pl\/wp-json\/wp\/v2\/types\/product"}],"wp:featuredmedia":[{"embeddable":true,"href":"https:\/\/the-scottish-wedding.com\/pl\/wp-json\/wp\/v2\/media\/13898"}],"wp:attachment":[{"href":"https:\/\/the-scottish-wedding.com\/pl\/wp-json\/wp\/v2\/media?parent=13124"}],"wp:term":[{"taxonomy":"product_brand","embeddable":true,"href":"https:\/\/the-scottish-wedding.com\/pl\/wp-json\/wp\/v2\/product_brand?post=13124"},{"taxonomy":"product_cat","embeddable":true,"href":"https:\/\/the-scottish-wedding.com\/pl\/wp-json\/wp\/v2\/product_cat?post=13124"},{"taxonomy":"product_tag","embeddable":true,"href":"https:\/\/the-scottish-wedding.com\/pl\/wp-json\/wp\/v2\/product_tag?post=13124"}],"curies":[{"name":"wp","href":"https:\/\/api.w.org\/{rel}","templated":true}]}}