{"id":13131,"date":"2025-12-29T02:21:21","date_gmt":"2025-12-29T01:21:21","guid":{"rendered":"https:\/\/the-scottish-wedding.com\/?post_type=product&#038;p=13131"},"modified":"2026-01-22T13:09:51","modified_gmt":"2026-01-22T12:09:51","slug":"hebergement-mariage","status":"publish","type":"product","link":"https:\/\/the-scottish-wedding.com\/pl\/cagnotte\/hebergement-mariage\/","title":{"rendered":"Zakwaterowanie na wesele"},"content":{"rendered":"","protected":false},"excerpt":{"rendered":"<p>Carberry Tower dysponuje oko\u0142o trzydziestoma pokojami oraz czterema domkami (cottages), kt\u00f3re zarezerwowali\u015bmy na wy\u0142\u0105czno\u015b\u0107 na dwa dni. Zale\u017ca\u0142o nam, aby ka\u017cdy m\u00f3g\u0142 nocowa\u0107 na miejscu i w pe\u0142ni cieszy\u0107 si\u0119 tym wsp\u00f3lnym czasem. Je\u015bli maj\u0105 Pa\u0144stwo ochot\u0119, mog\u0105 Pa\u0144stwo do\u0142o\u017cy\u0107 si\u0119 do koszt\u00f3w noclegu \u2728<\/p>","protected":false},"featured_media":13899,"template":"","meta":[],"product_brand":[],"product_cat":[114],"product_tag":[],"class_list":{"0":"post-13131","1":"product","2":"type-product","3":"status-publish","4":"has-post-thumbnail","6":"product_cat-non-classe","8":"first","9":"instock","10":"virtual","11":"purchasable","12":"product-type-simple","13":"cpw-product"},"_links":{"self":[{"href":"https:\/\/the-scottish-wedding.com\/pl\/wp-json\/wp\/v2\/product\/13131","targetHints":{"allow":["GET"]}}],"collection":[{"href":"https:\/\/the-scottish-wedding.com\/pl\/wp-json\/wp\/v2\/product"}],"about":[{"href":"https:\/\/the-scottish-wedding.com\/pl\/wp-json\/wp\/v2\/types\/product"}],"wp:featuredmedia":[{"embeddable":true,"href":"https:\/\/the-scottish-wedding.com\/pl\/wp-json\/wp\/v2\/media\/13899"}],"wp:attachment":[{"href":"https:\/\/the-scottish-wedding.com\/pl\/wp-json\/wp\/v2\/media?parent=13131"}],"wp:term":[{"taxonomy":"product_brand","embeddable":true,"href":"https:\/\/the-scottish-wedding.com\/pl\/wp-json\/wp\/v2\/product_brand?post=13131"},{"taxonomy":"product_cat","embeddable":true,"href":"https:\/\/the-scottish-wedding.com\/pl\/wp-json\/wp\/v2\/product_cat?post=13131"},{"taxonomy":"product_tag","embeddable":true,"href":"https:\/\/the-scottish-wedding.com\/pl\/wp-json\/wp\/v2\/product_tag?post=13131"}],"curies":[{"name":"wp","href":"https:\/\/api.w.org\/{rel}","templated":true}]}}