{"id":13132,"date":"2025-12-30T02:22:04","date_gmt":"2025-12-30T01:22:04","guid":{"rendered":"https:\/\/the-scottish-wedding.com\/?post_type=product&#038;p=13132"},"modified":"2026-01-22T13:13:09","modified_gmt":"2026-01-22T12:13:09","slug":"road-trip-ecossais","status":"publish","type":"product","link":"https:\/\/the-scottish-wedding.com\/pl\/cagnotte\/road-trip-ecossais\/","title":{"rendered":"Szkocki road trip"},"content":{"rendered":"","protected":false},"excerpt":{"rendered":"<p>Po \u015blubie M\u0142oda Para wyruszy w dalsz\u0105 szkock\u0105 podr\u00f3\u017c \u2014 pi\u0119ciodniowy road trip vanem (5 dni i 5 nocy)! W planach: wielka p\u0119tla przez rozleg\u0142e parki narodowe na p\u00f3\u0142nocy kraju albo odkrywanie kilku spo\u015br\u00f3d setek wysp archipelagu Hebryd\u00f3w na zachodzie. Niezale\u017cnie od trasy, czekaj\u0105 na nich wieczory pod gwiazdami \u2014 przy ognisku, tu\u017c nad wod\u0105 \u2728<\/p>","protected":false},"featured_media":13900,"template":"","meta":[],"product_brand":[],"product_cat":[114],"product_tag":[],"class_list":{"0":"post-13132","1":"product","2":"type-product","3":"status-publish","4":"has-post-thumbnail","6":"product_cat-non-classe","8":"first","9":"instock","10":"virtual","11":"purchasable","12":"product-type-simple","13":"cpw-product"},"_links":{"self":[{"href":"https:\/\/the-scottish-wedding.com\/pl\/wp-json\/wp\/v2\/product\/13132","targetHints":{"allow":["GET"]}}],"collection":[{"href":"https:\/\/the-scottish-wedding.com\/pl\/wp-json\/wp\/v2\/product"}],"about":[{"href":"https:\/\/the-scottish-wedding.com\/pl\/wp-json\/wp\/v2\/types\/product"}],"wp:featuredmedia":[{"embeddable":true,"href":"https:\/\/the-scottish-wedding.com\/pl\/wp-json\/wp\/v2\/media\/13900"}],"wp:attachment":[{"href":"https:\/\/the-scottish-wedding.com\/pl\/wp-json\/wp\/v2\/media?parent=13132"}],"wp:term":[{"taxonomy":"product_brand","embeddable":true,"href":"https:\/\/the-scottish-wedding.com\/pl\/wp-json\/wp\/v2\/product_brand?post=13132"},{"taxonomy":"product_cat","embeddable":true,"href":"https:\/\/the-scottish-wedding.com\/pl\/wp-json\/wp\/v2\/product_cat?post=13132"},{"taxonomy":"product_tag","embeddable":true,"href":"https:\/\/the-scottish-wedding.com\/pl\/wp-json\/wp\/v2\/product_tag?post=13132"}],"curies":[{"name":"wp","href":"https:\/\/api.w.org\/{rel}","templated":true}]}}